{"id":4565,"date":"2018-09-16T13:45:57","date_gmt":"2018-09-16T11:45:57","guid":{"rendered":"http:\/\/shop.mittgard.de\/?product=import-placeholder-for-4546"},"modified":"2026-01-29T09:36:58","modified_gmt":"2026-01-29T08:36:58","slug":"triskel-scheibenfibel-1","status":"publish","type":"product","link":"https:\/\/shop.mittgard.de\/?product=triskel-scheibenfibel-1","title":{"rendered":"Triskel-Scheibenfibel 1 Bronze"},"content":{"rendered":"<p>Die Triskele steht f\u00fcr den ewigen Kreislauf des Lebens.<\/p>\n<p>Gr\u00f6\u00dfe \u00d8 4,9 cm, Schmuckbronze<\/p>\n<p>&nbsp;<\/p>\n","protected":false},"excerpt":{"rendered":"<p>Die Triskele steht f\u00fcr den ewigen Kreislauf des Lebens. Gr\u00f6\u00dfe \u00d8 4,9 cm, Schmuckbronze &nbsp;<\/p>\n","protected":false},"featured_media":7398,"template":"","meta":[],"product_brand":[],"product_cat":[483,455],"product_tag":[472,795,614],"class_list":{"0":"post-4565","1":"product","2":"type-product","3":"status-publish","4":"has-post-thumbnail","6":"product_cat-fibeln-keltischer-schmuck","7":"product_cat-schmuck","8":"product_tag-bronze","9":"product_tag-kreislauf-des-lebens","10":"product_tag-triskele","11":"product_shipping_class-brief","13":"first","14":"onbackorder","15":"taxable","16":"shipping-taxable","17":"purchasable","18":"product-type-simple"},"_links":{"self":[{"href":"https:\/\/shop.mittgard.de\/index.php?rest_route=\/wp\/v2\/product\/4565","targetHints":{"allow":["GET"]}}],"collection":[{"href":"https:\/\/shop.mittgard.de\/index.php?rest_route=\/wp\/v2\/product"}],"about":[{"href":"https:\/\/shop.mittgard.de\/index.php?rest_route=\/wp\/v2\/types\/product"}],"wp:featuredmedia":[{"embeddable":true,"href":"https:\/\/shop.mittgard.de\/index.php?rest_route=\/wp\/v2\/media\/7398"}],"wp:attachment":[{"href":"https:\/\/shop.mittgard.de\/index.php?rest_route=%2Fwp%2Fv2%2Fmedia&parent=4565"}],"wp:term":[{"taxonomy":"product_brand","embeddable":true,"href":"https:\/\/shop.mittgard.de\/index.php?rest_route=%2Fwp%2Fv2%2Fproduct_brand&post=4565"},{"taxonomy":"product_cat","embeddable":true,"href":"https:\/\/shop.mittgard.de\/index.php?rest_route=%2Fwp%2Fv2%2Fproduct_cat&post=4565"},{"taxonomy":"product_tag","embeddable":true,"href":"https:\/\/shop.mittgard.de\/index.php?rest_route=%2Fwp%2Fv2%2Fproduct_tag&post=4565"}],"curies":[{"name":"wp","href":"https:\/\/api.w.org\/{rel}","templated":true}]}}