{"id":4567,"date":"2018-09-16T13:45:57","date_gmt":"2018-09-16T11:45:57","guid":{"rendered":"http:\/\/shop.mittgard.de\/?product=import-placeholder-for-4548"},"modified":"2024-12-13T15:14:17","modified_gmt":"2024-12-13T14:14:17","slug":"scheibenfibel-keltenkreuz-triskele","status":"publish","type":"product","link":"https:\/\/shop.mittgard.de\/?product=scheibenfibel-keltenkreuz-triskele","title":{"rendered":"Scheibenfibel Keltenkreuz-Triskele Bronze"},"content":{"rendered":"<p>Gr\u00f6\u00dfe \u00d8 3,1 cm<\/p>\n<p>Bronze<\/p>\n","protected":false},"excerpt":{"rendered":"<p>Gr\u00f6\u00dfe \u00d8 3,1 cm Bronze<\/p>\n","protected":false},"featured_media":5760,"template":"","meta":[],"product_brand":[],"product_cat":[483,478,455],"product_tag":[472,611,613,614],"class_list":{"0":"post-4567","1":"product","2":"type-product","3":"status-publish","4":"has-post-thumbnail","6":"product_cat-fibeln-keltischer-schmuck","7":"product_cat-keltischer-schmuck","8":"product_cat-schmuck","9":"product_tag-bronze","10":"product_tag-gewandschliesse","11":"product_tag-keltenkreuz","12":"product_tag-triskele","13":"product_shipping_class-brief","15":"first","16":"onbackorder","17":"taxable","18":"shipping-taxable","19":"purchasable","20":"product-type-simple"},"_links":{"self":[{"href":"https:\/\/shop.mittgard.de\/index.php?rest_route=\/wp\/v2\/product\/4567","targetHints":{"allow":["GET"]}}],"collection":[{"href":"https:\/\/shop.mittgard.de\/index.php?rest_route=\/wp\/v2\/product"}],"about":[{"href":"https:\/\/shop.mittgard.de\/index.php?rest_route=\/wp\/v2\/types\/product"}],"wp:featuredmedia":[{"embeddable":true,"href":"https:\/\/shop.mittgard.de\/index.php?rest_route=\/wp\/v2\/media\/5760"}],"wp:attachment":[{"href":"https:\/\/shop.mittgard.de\/index.php?rest_route=%2Fwp%2Fv2%2Fmedia&parent=4567"}],"wp:term":[{"taxonomy":"product_brand","embeddable":true,"href":"https:\/\/shop.mittgard.de\/index.php?rest_route=%2Fwp%2Fv2%2Fproduct_brand&post=4567"},{"taxonomy":"product_cat","embeddable":true,"href":"https:\/\/shop.mittgard.de\/index.php?rest_route=%2Fwp%2Fv2%2Fproduct_cat&post=4567"},{"taxonomy":"product_tag","embeddable":true,"href":"https:\/\/shop.mittgard.de\/index.php?rest_route=%2Fwp%2Fv2%2Fproduct_tag&post=4567"}],"curies":[{"name":"wp","href":"https:\/\/api.w.org\/{rel}","templated":true}]}}