{"id":4589,"date":"2018-09-16T13:46:09","date_gmt":"2018-09-16T11:46:09","guid":{"rendered":"http:\/\/shop.mittgard.de\/?product=import-placeholder-for-4570"},"modified":"2024-12-13T15:19:43","modified_gmt":"2024-12-13T14:19:43","slug":"pentagramm-rabe","status":"publish","type":"product","link":"https:\/\/shop.mittgard.de\/?product=pentagramm-rabe","title":{"rendered":"Pentagramm &#8222;Rabe&#8220; Bronze"},"content":{"rendered":"<p>Pentagramm mit dem Raben als Symbol f\u00fcr den Seelenvogel<\/p>\n<p>Gr\u00f6\u00dfe ca. 4,6 x 3,4 cm, Schmuckbronze<\/p>\n<p>inklusive Lederband<\/p>\n","protected":false},"excerpt":{"rendered":"<p>Pentagramm mit dem Raben als Symbol f\u00fcr den Seelenvogel Gr\u00f6\u00dfe ca. 4,6 x 3,4 cm, Schmuckbronze inklusive Lederband<\/p>\n","protected":false},"featured_media":8240,"template":"","meta":[],"product_brand":[],"product_cat":[485,455],"product_tag":[472,762,175],"class_list":{"0":"post-4589","1":"product","2":"type-product","3":"status-publish","4":"has-post-thumbnail","6":"product_cat-pentagramm","7":"product_cat-schmuck","8":"product_tag-bronze","9":"product_tag-rabe","10":"product_tag-schutz","11":"product_shipping_class-brief","13":"first","14":"onbackorder","15":"taxable","16":"shipping-taxable","17":"purchasable","18":"product-type-simple"},"_links":{"self":[{"href":"https:\/\/shop.mittgard.de\/index.php?rest_route=\/wp\/v2\/product\/4589","targetHints":{"allow":["GET"]}}],"collection":[{"href":"https:\/\/shop.mittgard.de\/index.php?rest_route=\/wp\/v2\/product"}],"about":[{"href":"https:\/\/shop.mittgard.de\/index.php?rest_route=\/wp\/v2\/types\/product"}],"wp:featuredmedia":[{"embeddable":true,"href":"https:\/\/shop.mittgard.de\/index.php?rest_route=\/wp\/v2\/media\/8240"}],"wp:attachment":[{"href":"https:\/\/shop.mittgard.de\/index.php?rest_route=%2Fwp%2Fv2%2Fmedia&parent=4589"}],"wp:term":[{"taxonomy":"product_brand","embeddable":true,"href":"https:\/\/shop.mittgard.de\/index.php?rest_route=%2Fwp%2Fv2%2Fproduct_brand&post=4589"},{"taxonomy":"product_cat","embeddable":true,"href":"https:\/\/shop.mittgard.de\/index.php?rest_route=%2Fwp%2Fv2%2Fproduct_cat&post=4589"},{"taxonomy":"product_tag","embeddable":true,"href":"https:\/\/shop.mittgard.de\/index.php?rest_route=%2Fwp%2Fv2%2Fproduct_tag&post=4589"}],"curies":[{"name":"wp","href":"https:\/\/api.w.org\/{rel}","templated":true}]}}