{"id":4591,"date":"2018-09-16T13:46:09","date_gmt":"2018-09-16T11:46:09","guid":{"rendered":"http:\/\/shop.mittgard.de\/?product=import-placeholder-for-4572"},"modified":"2024-12-13T15:37:03","modified_gmt":"2024-12-13T14:37:03","slug":"lederband","status":"publish","type":"product","link":"https:\/\/shop.mittgard.de\/?product=lederband","title":{"rendered":"Lederband d\u00fcnn schwarz"},"content":{"rendered":"<p>pflanzlich gegerbtes Rindsleder, schwarz \u00d8 1 mm, 1 m lang<\/p>\n<p>geeignet f\u00fcr zierliche Schmuckanh\u00e4nger, d\u00fcnn gebohrte Perlen und zum Basteln<\/p>\n","protected":false},"excerpt":{"rendered":"<p>pflanzlich gegerbtes Rindsleder, schwarz \u00d8 1 mm, 1 m lang geeignet f\u00fcr zierliche Schmuckanh\u00e4nger, d\u00fcnn gebohrte Perlen und zum Basteln<\/p>\n","protected":false},"featured_media":5518,"template":"","meta":[],"product_brand":[],"product_cat":[487,455],"product_tag":[488],"class_list":{"0":"post-4591","1":"product","2":"type-product","3":"status-publish","4":"has-post-thumbnail","6":"product_cat-lederbaender","7":"product_cat-schmuck","8":"product_tag-rindsleder","9":"product_shipping_class-brief","11":"first","12":"instock","13":"taxable","14":"shipping-taxable","15":"purchasable","16":"product-type-simple"},"_links":{"self":[{"href":"https:\/\/shop.mittgard.de\/index.php?rest_route=\/wp\/v2\/product\/4591","targetHints":{"allow":["GET"]}}],"collection":[{"href":"https:\/\/shop.mittgard.de\/index.php?rest_route=\/wp\/v2\/product"}],"about":[{"href":"https:\/\/shop.mittgard.de\/index.php?rest_route=\/wp\/v2\/types\/product"}],"wp:featuredmedia":[{"embeddable":true,"href":"https:\/\/shop.mittgard.de\/index.php?rest_route=\/wp\/v2\/media\/5518"}],"wp:attachment":[{"href":"https:\/\/shop.mittgard.de\/index.php?rest_route=%2Fwp%2Fv2%2Fmedia&parent=4591"}],"wp:term":[{"taxonomy":"product_brand","embeddable":true,"href":"https:\/\/shop.mittgard.de\/index.php?rest_route=%2Fwp%2Fv2%2Fproduct_brand&post=4591"},{"taxonomy":"product_cat","embeddable":true,"href":"https:\/\/shop.mittgard.de\/index.php?rest_route=%2Fwp%2Fv2%2Fproduct_cat&post=4591"},{"taxonomy":"product_tag","embeddable":true,"href":"https:\/\/shop.mittgard.de\/index.php?rest_route=%2Fwp%2Fv2%2Fproduct_tag&post=4591"}],"curies":[{"name":"wp","href":"https:\/\/api.w.org\/{rel}","templated":true}]}}