{"id":4594,"date":"2018-09-16T13:46:10","date_gmt":"2018-09-16T11:46:10","guid":{"rendered":"http:\/\/shop.mittgard.de\/?product=import-placeholder-for-4575"},"modified":"2024-12-13T15:37:22","modified_gmt":"2024-12-13T14:37:22","slug":"lederband-4","status":"publish","type":"product","link":"https:\/\/shop.mittgard.de\/?product=lederband-4","title":{"rendered":"Lederband natur"},"content":{"rendered":"<p>pflanzlich gegerbtes Rindsleder, natur, \u00d8 1,5 mm, 1 m lang<\/p>\n<p>geeignet f\u00fcr Schmuckanh\u00e4nger und zum Basteln<\/p>\n","protected":false},"excerpt":{"rendered":"<p>pflanzlich gegerbtes Rindsleder, natur, \u00d8 1,5 mm, 1 m lang geeignet f\u00fcr Schmuckanh\u00e4nger und zum Basteln<\/p>\n","protected":false},"featured_media":5523,"template":"","meta":[],"product_brand":[],"product_cat":[487,455],"product_tag":[488],"class_list":{"0":"post-4594","1":"product","2":"type-product","3":"status-publish","4":"has-post-thumbnail","6":"product_cat-lederbaender","7":"product_cat-schmuck","8":"product_tag-rindsleder","9":"product_shipping_class-brief","11":"first","12":"instock","13":"taxable","14":"shipping-taxable","15":"purchasable","16":"product-type-simple"},"_links":{"self":[{"href":"https:\/\/shop.mittgard.de\/index.php?rest_route=\/wp\/v2\/product\/4594","targetHints":{"allow":["GET"]}}],"collection":[{"href":"https:\/\/shop.mittgard.de\/index.php?rest_route=\/wp\/v2\/product"}],"about":[{"href":"https:\/\/shop.mittgard.de\/index.php?rest_route=\/wp\/v2\/types\/product"}],"wp:featuredmedia":[{"embeddable":true,"href":"https:\/\/shop.mittgard.de\/index.php?rest_route=\/wp\/v2\/media\/5523"}],"wp:attachment":[{"href":"https:\/\/shop.mittgard.de\/index.php?rest_route=%2Fwp%2Fv2%2Fmedia&parent=4594"}],"wp:term":[{"taxonomy":"product_brand","embeddable":true,"href":"https:\/\/shop.mittgard.de\/index.php?rest_route=%2Fwp%2Fv2%2Fproduct_brand&post=4594"},{"taxonomy":"product_cat","embeddable":true,"href":"https:\/\/shop.mittgard.de\/index.php?rest_route=%2Fwp%2Fv2%2Fproduct_cat&post=4594"},{"taxonomy":"product_tag","embeddable":true,"href":"https:\/\/shop.mittgard.de\/index.php?rest_route=%2Fwp%2Fv2%2Fproduct_tag&post=4594"}],"curies":[{"name":"wp","href":"https:\/\/api.w.org\/{rel}","templated":true}]}}