{"id":4600,"date":"2018-09-16T13:46:11","date_gmt":"2018-09-16T11:46:11","guid":{"rendered":"http:\/\/shop.mittgard.de\/?product=import-placeholder-for-4581"},"modified":"2024-12-14T12:29:04","modified_gmt":"2024-12-14T11:29:04","slug":"kugelperlen-3","status":"publish","type":"product","link":"https:\/\/shop.mittgard.de\/?product=kugelperlen-3","title":{"rendered":"Knochen, Kugelperlen, klein"},"content":{"rendered":"<p>klein schwarz \u00d8 0,4cm<\/p>\n<p>sehr kleine Bohrung, nicht f\u00fcr Lederband geeignet<\/p>\n<p>Preis f\u00fcr 10 St\u00fcck<\/p>\n","protected":false},"excerpt":{"rendered":"<p>klein schwarz \u00d8 0,4cm sehr kleine Bohrung, nicht f\u00fcr Lederband geeignet Preis f\u00fcr 10 St\u00fcck<\/p>\n","protected":false},"featured_media":6633,"template":"","meta":[],"product_brand":[],"product_cat":[486,455],"product_tag":[458],"class_list":{"0":"post-4600","1":"product","2":"type-product","3":"status-publish","4":"has-post-thumbnail","6":"product_cat-perlen","7":"product_cat-schmuck","8":"product_tag-knochen","9":"product_shipping_class-brief","11":"first","12":"instock","13":"taxable","14":"shipping-taxable","15":"purchasable","16":"product-type-simple"},"_links":{"self":[{"href":"https:\/\/shop.mittgard.de\/index.php?rest_route=\/wp\/v2\/product\/4600","targetHints":{"allow":["GET"]}}],"collection":[{"href":"https:\/\/shop.mittgard.de\/index.php?rest_route=\/wp\/v2\/product"}],"about":[{"href":"https:\/\/shop.mittgard.de\/index.php?rest_route=\/wp\/v2\/types\/product"}],"wp:featuredmedia":[{"embeddable":true,"href":"https:\/\/shop.mittgard.de\/index.php?rest_route=\/wp\/v2\/media\/6633"}],"wp:attachment":[{"href":"https:\/\/shop.mittgard.de\/index.php?rest_route=%2Fwp%2Fv2%2Fmedia&parent=4600"}],"wp:term":[{"taxonomy":"product_brand","embeddable":true,"href":"https:\/\/shop.mittgard.de\/index.php?rest_route=%2Fwp%2Fv2%2Fproduct_brand&post=4600"},{"taxonomy":"product_cat","embeddable":true,"href":"https:\/\/shop.mittgard.de\/index.php?rest_route=%2Fwp%2Fv2%2Fproduct_cat&post=4600"},{"taxonomy":"product_tag","embeddable":true,"href":"https:\/\/shop.mittgard.de\/index.php?rest_route=%2Fwp%2Fv2%2Fproduct_tag&post=4600"}],"curies":[{"name":"wp","href":"https:\/\/api.w.org\/{rel}","templated":true}]}}