{"id":4725,"date":"2018-10-03T11:04:56","date_gmt":"2018-10-03T09:04:56","guid":{"rendered":"http:\/\/shop.mittgard.de\/?post_type=product&#038;p=4725"},"modified":"2026-04-06T13:48:58","modified_gmt":"2026-04-06T11:48:58","slug":"diverse-billige-hausgetraenke-likoere-sirupe-saefte","status":"publish","type":"product","link":"https:\/\/shop.mittgard.de\/?product=diverse-billige-hausgetraenke-likoere-sirupe-saefte","title":{"rendered":"Diverse &#8222;Billige Hausgetr\u00e4nke &#8211; Lik\u00f6re, Sirupe, S\u00e4fte&#8220;"},"content":{"rendered":"<p>Wie b(r)aue ich mir selbst &#8211; Billige Hausgetr\u00e4nke. Vorschriften-Sammlung f\u00fcr Lik\u00f6re, Sirupe, Brausen und S\u00e4fte.<\/p>\n<p>Dieses Heft befasst sich mit der eigenen Herstellung von verschiedenen Getr\u00e4nken. Der erste Teil umfasst ca. 80 Lik\u00f6rrezepte, die H\u00e4lfte davon sind Rezepte zur vollst\u00e4ndigen Eigenherstellung (samt aller Aromastoffe und Zus\u00e4tze) und die andere H\u00e4lfte beschreibt verschiedene Lik\u00f6re zu deren Herstellung Lik\u00f6ressenzen ben\u00f6tigt werden. Diese Essenzen sind zum gro\u00dfen Teil heute noch in Fachgesch\u00e4ften erh\u00e4ltlich. Der zweite Teil des Buches befasst sich mit der Herstellung alkoholfreier Getr\u00e4nke wie S\u00e4fte, Sirupe oder Brause-Limonaden.<\/p>\n<p>Brosch\u00fcre, 25 S., moderne Schrift, Reprint von ca. 1910.<\/p>\n","protected":false},"excerpt":{"rendered":"<p>Heft<\/p>\n","protected":false},"featured_media":4726,"template":"","meta":[],"product_brand":[],"product_cat":[185,206],"product_tag":[524,220],"class_list":{"0":"post-4725","1":"product","2":"type-product","3":"status-publish","4":"has-post-thumbnail","6":"product_cat-literatur","7":"product_cat-naturkost","8":"product_tag-getraenke","9":"product_tag-selbstversorger","10":"product_shipping_class-paket","12":"first","13":"instock","14":"taxable","15":"shipping-taxable","16":"purchasable","17":"product-type-simple"},"_links":{"self":[{"href":"https:\/\/shop.mittgard.de\/index.php?rest_route=\/wp\/v2\/product\/4725","targetHints":{"allow":["GET"]}}],"collection":[{"href":"https:\/\/shop.mittgard.de\/index.php?rest_route=\/wp\/v2\/product"}],"about":[{"href":"https:\/\/shop.mittgard.de\/index.php?rest_route=\/wp\/v2\/types\/product"}],"wp:featuredmedia":[{"embeddable":true,"href":"https:\/\/shop.mittgard.de\/index.php?rest_route=\/wp\/v2\/media\/4726"}],"wp:attachment":[{"href":"https:\/\/shop.mittgard.de\/index.php?rest_route=%2Fwp%2Fv2%2Fmedia&parent=4725"}],"wp:term":[{"taxonomy":"product_brand","embeddable":true,"href":"https:\/\/shop.mittgard.de\/index.php?rest_route=%2Fwp%2Fv2%2Fproduct_brand&post=4725"},{"taxonomy":"product_cat","embeddable":true,"href":"https:\/\/shop.mittgard.de\/index.php?rest_route=%2Fwp%2Fv2%2Fproduct_cat&post=4725"},{"taxonomy":"product_tag","embeddable":true,"href":"https:\/\/shop.mittgard.de\/index.php?rest_route=%2Fwp%2Fv2%2Fproduct_tag&post=4725"}],"curies":[{"name":"wp","href":"https:\/\/api.w.org\/{rel}","templated":true}]}}