{"id":4765,"date":"2018-10-03T12:07:08","date_gmt":"2018-10-03T10:07:08","guid":{"rendered":"http:\/\/shop.mittgard.de\/?post_type=product&#038;p=4765"},"modified":"2025-09-15T15:20:27","modified_gmt":"2025-09-15T13:20:27","slug":"diverse-hausschlachten","status":"publish","type":"product","link":"https:\/\/shop.mittgard.de\/?product=diverse-hausschlachten","title":{"rendered":"Diverse &#8222;Hausschlachten&#8220;"},"content":{"rendered":"<div id=\"productDescription\" class=\"productGeneral biggerText\">\n<p>Dieses Buch fasst vier einzelne Hefte zusammen:<\/p>\n<p>&#8211; Das Hausschlachten<br \/>\n&#8211; Rezepte f\u00fcr Fleischer (1938)<br \/>\n&#8211; Konservierung von Fleisch<br \/>\n&#8211; Wie baue ich mir selbst &#8211; R\u00e4ucherkiste<\/p>\n<p>Mit insgesamt 140 Seiten, zahlreichen Abbildungen und hunderten Rezepten und Vorschriften bildet es ein umfangreiches Nachschlagewerk zum Thema \u00bbFleischherstellung und -verwertung\u00ab.<\/p>\n<p>Dieses B\u00fcchlein erschien um die Jahre 1910-1920 als praktische Anleitung f\u00fcr den Siedler und Selbstversorger. In diesen Zeiten war es noch \u00fcblich, die Schlachtung f\u00fcr den Eigenbedarf an Fleisch f\u00fcr die Familie selbst vorzunehmen. Auch die Weiterverarbeitung des Tieres wurde vom Bauern und der Familie selbst vorgenommen. Was heute hinter verschlossenen T\u00fcren in Schlachth\u00e4usern geschieht (damit es kein Konsument mitbekommt), war damals allt\u00e4glich. Wer Fleisch essen will, sollte auch bereit sein, das Tier selbst t\u00f6ten und verarbeiten zu k\u00f6nnen. Leider entfernen sich die meisten Menschen immer weiter von der Realit\u00e4t, die ihnen oft zu grausam erscheint. Es werden zwar t\u00e4glich steril verpackte und vorbereitete Fleischst\u00fccke im Supermarkt gekauft &#8211; wie allerdings diese Fleischst\u00fccke dorthin gelangten, wollen die wenigsten K\u00e4ufer wissen.<br \/>\nDiese Anleitung zeigt l\u00e4ngst verdr\u00e4ngtes und vergessenes Wissen, welches vor 80-100 Jahren auf dem Lande noch praktisches Allgemeinwissen war.<\/p>\n<p>Dieses Buch beinhaltet:<\/p>\n<ul>\n<li>Das Schlachten der Tiere<\/li>\n<li>Ausnehmen und Zerlegen<\/li>\n<li>Die verschiedenen Teile der Schlachttiere<\/li>\n<li>Reinigen der D\u00e4rme<\/li>\n<li>Fettgewinnung<\/li>\n<li>Wurstbereitung<\/li>\n<li>Blutw\u00fcrste, Leberw\u00fcrste, Koch-, Brat- und Br\u00fchw\u00fcrste<\/li>\n<li>Dauerw\u00fcrste, S\u00fclzen,<\/li>\n<li>Die Fleischkonservierung<\/li>\n<li>Einsalzen oder Einp\u00f6keln<\/li>\n<li>W\u00fcrzen des Fleisches<\/li>\n<li>R\u00e4uchern (Selchen), Bau einer R\u00e4ucherkammer<\/li>\n<li>Abkochen des Rauchfleisches<\/li>\n<li>Fleischkonservierung durch Kalk<\/li>\n<li>Eingipsen des Fleisches<\/li>\n<li>Einlegen in Fett, Einkochen in Gef\u00e4\u00dfe<\/li>\n<li>uvam. Taschenbuch, A5, 140 S., zahlr. Abb., moderne Schrift, Nachdrucke von ca. 1910-1938.<\/li>\n<\/ul>\n<\/div>\n","protected":false},"excerpt":{"rendered":"<p>TB<\/p>\n","protected":false},"featured_media":15664,"template":"","meta":[],"product_brand":[],"product_cat":[186,185,206],"product_tag":[222,220],"class_list":{"0":"post-4765","1":"product","2":"type-product","3":"status-publish","4":"has-post-thumbnail","6":"product_cat-alternativ-leben","7":"product_cat-literatur","8":"product_cat-naturkost","9":"product_tag-fleisch","10":"product_tag-selbstversorger","11":"product_shipping_class-paket","13":"first","14":"instock","15":"taxable","16":"shipping-taxable","17":"purchasable","18":"product-type-simple"},"_links":{"self":[{"href":"https:\/\/shop.mittgard.de\/index.php?rest_route=\/wp\/v2\/product\/4765","targetHints":{"allow":["GET"]}}],"collection":[{"href":"https:\/\/shop.mittgard.de\/index.php?rest_route=\/wp\/v2\/product"}],"about":[{"href":"https:\/\/shop.mittgard.de\/index.php?rest_route=\/wp\/v2\/types\/product"}],"wp:featuredmedia":[{"embeddable":true,"href":"https:\/\/shop.mittgard.de\/index.php?rest_route=\/wp\/v2\/media\/15664"}],"wp:attachment":[{"href":"https:\/\/shop.mittgard.de\/index.php?rest_route=%2Fwp%2Fv2%2Fmedia&parent=4765"}],"wp:term":[{"taxonomy":"product_brand","embeddable":true,"href":"https:\/\/shop.mittgard.de\/index.php?rest_route=%2Fwp%2Fv2%2Fproduct_brand&post=4765"},{"taxonomy":"product_cat","embeddable":true,"href":"https:\/\/shop.mittgard.de\/index.php?rest_route=%2Fwp%2Fv2%2Fproduct_cat&post=4765"},{"taxonomy":"product_tag","embeddable":true,"href":"https:\/\/shop.mittgard.de\/index.php?rest_route=%2Fwp%2Fv2%2Fproduct_tag&post=4765"}],"curies":[{"name":"wp","href":"https:\/\/api.w.org\/{rel}","templated":true}]}}