{"id":4775,"date":"2018-10-03T12:22:25","date_gmt":"2018-10-03T10:22:25","guid":{"rendered":"http:\/\/shop.mittgard.de\/?post_type=product&#038;p=4775"},"modified":"2025-11-19T18:56:07","modified_gmt":"2025-11-19T17:56:07","slug":"fries-kessel-der-goetter","status":"publish","type":"product","link":"https:\/\/shop.mittgard.de\/?product=fries-kessel-der-goetter","title":{"rendered":"Fries &#8222;Kessel der G\u00f6tter&#8220;"},"content":{"rendered":"<p>Der Kessel der G\u00f6tter ist die bisher umfangreichste und praktischste Einf\u00fchrung in die Welt der keltischen Magie. In gewohnt lebendiger Weise f\u00fchrt der Autor die LeserInnen auf einer Reise von den H\u00fcgelbauern und gef\u00e4hrlichen Toten der Hallstatt-Zeit \u00fcber die G\u00f6tter, Heiligt\u00fcmer, Druiden und ZauberInnen der La T\u00e8ne-Periode zum mittelalterlichen Barden- und Sehertum der Inselkelten. Hierbei liegt der Schwerpunkt auf der Anwendung der oft nur fragment\u00e4r nachweisbaren Riten und Trancepraktiken. In zahlreichen praktischen \u00dcbungen und Meditationen lernt der Leser, einen eigenen Weg in die Welt der fr\u00fchzeitlichen heidnischen Religionen zu finden.<\/p>\n<p>Wer makabres Totenbrauchtum, Reisen in die Anderswelten, Besessenheitstrancen, die pers\u00f6nliche Muse und die Wiedergeburtsriten der Kultkessel erleben will, ist mit diesem Werk bestens bedient!<\/p>\n<p>Der Kessel der G\u00f6tter bietet neben viel vor- und fr\u00fchgeschichtlicher Arch\u00e4ologie und neusten textkritischen Untersuchungen der inselkeltischen Mythen auch die erste zeitgem\u00e4\u00dfe \u00dcbersetzung der mythischen Lieder des britischen Barden Taliesin. Hinzu kommt eine gr\u00fcndliche Einf\u00fchrung in die altirische Ogham Schrift, die mittelalterlichen Baum- und Pflanzenzauberei und die Wahrsagungs- und Visionspraktiken der Barden und Seher.<\/p>\n<p>Die deutsche Ausgabe wurde vom Autor komplett \u00fcberarbeitet und um 80 Seiten erweitert. \u00dcber 300 Abbildungen illustrieren den vielschichtigen Text und bieten Anregung f\u00fcr neue Einsichten und Erfahrungen.<\/p>\n<p>Gebundene Ausgabe, 616 Seiten<\/p>\n","protected":false},"excerpt":{"rendered":"<p>HC<\/p>\n","protected":false},"featured_media":4776,"template":"","meta":[],"product_brand":[],"product_cat":[194,185,198],"product_tag":[313,376,356],"class_list":{"0":"post-4775","1":"product","2":"type-product","3":"status-publish","4":"has-post-thumbnail","6":"product_cat-kelten","7":"product_cat-literatur","8":"product_cat-magie","9":"product_tag-kelten","10":"product_tag-magie","11":"product_tag-mythologie","12":"product_shipping_class-paket","14":"first","15":"outofstock","16":"taxable","17":"shipping-taxable","18":"purchasable","19":"product-type-simple"},"_links":{"self":[{"href":"https:\/\/shop.mittgard.de\/index.php?rest_route=\/wp\/v2\/product\/4775","targetHints":{"allow":["GET"]}}],"collection":[{"href":"https:\/\/shop.mittgard.de\/index.php?rest_route=\/wp\/v2\/product"}],"about":[{"href":"https:\/\/shop.mittgard.de\/index.php?rest_route=\/wp\/v2\/types\/product"}],"wp:featuredmedia":[{"embeddable":true,"href":"https:\/\/shop.mittgard.de\/index.php?rest_route=\/wp\/v2\/media\/4776"}],"wp:attachment":[{"href":"https:\/\/shop.mittgard.de\/index.php?rest_route=%2Fwp%2Fv2%2Fmedia&parent=4775"}],"wp:term":[{"taxonomy":"product_brand","embeddable":true,"href":"https:\/\/shop.mittgard.de\/index.php?rest_route=%2Fwp%2Fv2%2Fproduct_brand&post=4775"},{"taxonomy":"product_cat","embeddable":true,"href":"https:\/\/shop.mittgard.de\/index.php?rest_route=%2Fwp%2Fv2%2Fproduct_cat&post=4775"},{"taxonomy":"product_tag","embeddable":true,"href":"https:\/\/shop.mittgard.de\/index.php?rest_route=%2Fwp%2Fv2%2Fproduct_tag&post=4775"}],"curies":[{"name":"wp","href":"https:\/\/api.w.org\/{rel}","templated":true}]}}