{"id":4783,"date":"2018-10-03T12:30:45","date_gmt":"2018-10-03T10:30:45","guid":{"rendered":"http:\/\/shop.mittgard.de\/?post_type=product&#038;p=4783"},"modified":"2024-12-16T09:35:08","modified_gmt":"2024-12-16T08:35:08","slug":"aster-much-das-koboltikum","status":"publish","type":"product","link":"https:\/\/shop.mittgard.de\/?product=aster-much-das-koboltikum","title":{"rendered":"Aster &#038; Much &#8222;Das Koboltikum&#8220;"},"content":{"rendered":"<p>Dieses Buch erz\u00e4hlt beinahe vergessene Geschichten von Gnomen, Bolden und Zwergen, wie sie seit ewigen Zeiten in den W\u00e4ldern und Bergen am Rande unserer Wirklichkeit leben. M\u00e4rchen und Legenden von Koboldf\u00fcrsten, kleinw\u00fcchsigen Zauberern und unvorstellbaren Sch\u00e4tzen, von uralten Gesetzen und der schmalen Grenze zwischen unserer Welt und der des kleinen Volkes.<br class=\"last\" \/>Niedergeschrieben von einem Tr\u00e4ger der gro\u00dfkoboltischen Ehrenplakette und illustriert von einem Mann, der die H\u00e4lfte seines Lebens in einem Feenkreis verschollen war, er\u00f6ffnet dieses Buch einen kleinen Einblick in die Wunder der Anderwelt.<\/p>\n<p>Willkommen im Koboltikum.<\/p>\n<p>wundersch\u00f6n illustriertes Buch mit H\u00f6rbuch-CD.<\/p>\n<p>Gebundene Ausgabe, 60 Seiten<\/p>\n","protected":false},"excerpt":{"rendered":"<p>HC &amp; CD<\/p>\n","protected":false},"featured_media":4784,"template":"","meta":[],"product_brand":[],"product_cat":[197,185,200],"product_tag":[525,323],"class_list":{"0":"post-4783","1":"product","2":"type-product","3":"status-publish","4":"has-post-thumbnail","6":"product_cat-kinderbuecher","7":"product_cat-literatur","8":"product_cat-naturgeister","9":"product_tag-hoerbuch","10":"product_tag-naturgeister","11":"product_shipping_class-paket","13":"first","14":"onbackorder","15":"taxable","16":"shipping-taxable","17":"purchasable","18":"product-type-simple"},"_links":{"self":[{"href":"https:\/\/shop.mittgard.de\/index.php?rest_route=\/wp\/v2\/product\/4783","targetHints":{"allow":["GET"]}}],"collection":[{"href":"https:\/\/shop.mittgard.de\/index.php?rest_route=\/wp\/v2\/product"}],"about":[{"href":"https:\/\/shop.mittgard.de\/index.php?rest_route=\/wp\/v2\/types\/product"}],"wp:featuredmedia":[{"embeddable":true,"href":"https:\/\/shop.mittgard.de\/index.php?rest_route=\/wp\/v2\/media\/4784"}],"wp:attachment":[{"href":"https:\/\/shop.mittgard.de\/index.php?rest_route=%2Fwp%2Fv2%2Fmedia&parent=4783"}],"wp:term":[{"taxonomy":"product_brand","embeddable":true,"href":"https:\/\/shop.mittgard.de\/index.php?rest_route=%2Fwp%2Fv2%2Fproduct_brand&post=4783"},{"taxonomy":"product_cat","embeddable":true,"href":"https:\/\/shop.mittgard.de\/index.php?rest_route=%2Fwp%2Fv2%2Fproduct_cat&post=4783"},{"taxonomy":"product_tag","embeddable":true,"href":"https:\/\/shop.mittgard.de\/index.php?rest_route=%2Fwp%2Fv2%2Fproduct_tag&post=4783"}],"curies":[{"name":"wp","href":"https:\/\/api.w.org\/{rel}","templated":true}]}}