{"id":4795,"date":"2018-10-03T12:55:20","date_gmt":"2018-10-03T10:55:20","guid":{"rendered":"http:\/\/shop.mittgard.de\/?post_type=product&#038;p=4795"},"modified":"2024-12-15T14:02:56","modified_gmt":"2024-12-15T13:02:56","slug":"eder-karin-kreuzstich","status":"publish","type":"product","link":"https:\/\/shop.mittgard.de\/?product=eder-karin-kreuzstich","title":{"rendered":"Eder, Karin &#8222;Kreuzstich&#8220;"},"content":{"rendered":"<p>Auch heute sticken die Menschen noch gerne, allerdings finden viele neben der Arbeit, dem Haushalt, den Kindern oder sonstigen Besch\u00e4ftigungen nicht mehr so viel Zeit daf\u00fcr wie fr\u00fcher. Die 35 Ornamente und Motive in unserem Buch sind genau auf dieses Problem zugeschnitten: Sie lassen sich alle in wenigen Stunden oder an einem Abend fertigstellen.<br \/>\nDie meisten Motive sind gro\u00dfteils in zwei oder drei fr\u00f6hlichen Farben gearbeitet, die ein Strahlen in jeden Wohnraum bringen. Die R\u00e4nder werden im Hardanger gestickt, einer skandinavischen Sticktechnik, zu der es auch eine kurze Einleitung in diesem Buch gibt. Einige christliche Motive runden das Buch ab.<br \/>\nSo bestickt wird jedes Tuch, jeder L\u00e4ufer, jede Platz- oder Tischdecke zum Hingucker.<\/p>\n<p>\u2022 Mehrfarbige, traditionelle Kreuzstichmuster<br \/>\n\u2022 Alle Ornamente sind rasch fertiggestellt<br \/>\n\u2022 Einf\u00fchrung in das Hardangersticken<\/p>\n<p>Broschiert, 60 Seiten<\/p>\n","protected":false},"excerpt":{"rendered":"<p>Br<\/p>\n","protected":false},"featured_media":4796,"template":"","meta":[],"product_brand":[],"product_cat":[188,185],"product_tag":[268,267],"class_list":{"0":"post-4795","1":"product","2":"type-product","3":"status-publish","4":"has-post-thumbnail","6":"product_cat-altes-handwerk","7":"product_cat-literatur","8":"product_tag-handarbeit","9":"product_tag-sticken","10":"product_shipping_class-paket","12":"first","13":"instock","14":"taxable","15":"shipping-taxable","16":"purchasable","17":"product-type-simple"},"_links":{"self":[{"href":"https:\/\/shop.mittgard.de\/index.php?rest_route=\/wp\/v2\/product\/4795","targetHints":{"allow":["GET"]}}],"collection":[{"href":"https:\/\/shop.mittgard.de\/index.php?rest_route=\/wp\/v2\/product"}],"about":[{"href":"https:\/\/shop.mittgard.de\/index.php?rest_route=\/wp\/v2\/types\/product"}],"wp:featuredmedia":[{"embeddable":true,"href":"https:\/\/shop.mittgard.de\/index.php?rest_route=\/wp\/v2\/media\/4796"}],"wp:attachment":[{"href":"https:\/\/shop.mittgard.de\/index.php?rest_route=%2Fwp%2Fv2%2Fmedia&parent=4795"}],"wp:term":[{"taxonomy":"product_brand","embeddable":true,"href":"https:\/\/shop.mittgard.de\/index.php?rest_route=%2Fwp%2Fv2%2Fproduct_brand&post=4795"},{"taxonomy":"product_cat","embeddable":true,"href":"https:\/\/shop.mittgard.de\/index.php?rest_route=%2Fwp%2Fv2%2Fproduct_cat&post=4795"},{"taxonomy":"product_tag","embeddable":true,"href":"https:\/\/shop.mittgard.de\/index.php?rest_route=%2Fwp%2Fv2%2Fproduct_tag&post=4795"}],"curies":[{"name":"wp","href":"https:\/\/api.w.org\/{rel}","templated":true}]}}