{"id":4833,"date":"2018-10-03T14:23:09","date_gmt":"2018-10-03T12:23:09","guid":{"rendered":"http:\/\/shop.mittgard.de\/?post_type=product&#038;p=4833"},"modified":"2024-12-16T10:56:12","modified_gmt":"2024-12-16T09:56:12","slug":"walter-lohfeldt-tatort-maerchenwald","status":"publish","type":"product","link":"https:\/\/shop.mittgard.de\/?product=walter-lohfeldt-tatort-maerchenwald","title":{"rendered":"Walter &#038; Lohfeldt &#8222;Tatort M\u00e4rchenwald&#8220;"},"content":{"rendered":"<p>Wenn Spiegel Urteile f\u00e4llen, in einem Frosch ein K\u00f6nig steckt, oder Spindeln hundert Jahre w\u00e4hrenden Schlaf bringen, dann wissen wir, dass wir bereits tief im M\u00e4rchenwald sind. Er entf\u00fchrt uns in zauberhafte Zeiten und ferne Welten, die schon unsere Vorfahren fesselten. Wer weiss schon, ob sich die Schneek\u00f6nigin und der Rattenf\u00e4nger in Sachen Kindesentf\u00fchrung zusammen taten? Warum sah jeder weg als Blaubart die Br\u00e4ute meuchelte? Und H\u00e4nsel und Gretels Tat: war der Sto\u00df der Hexe in den Ofen wirklich Notwehr? Wurde die Erbse unter der Prinzessin gemobbt? Und warum bekommt die b\u00f6se Stiefmutter nicht dreimal lebensl\u00e4nglich?<\/p>\n<p>Insgesamt sechzehn Geschichten und Gedichte, basierend auf M\u00e4rchen aus Deutschland, Frankreich und Irland, werden hier neu erz\u00e4hlt und legen dabei die kriminellen Hintergr\u00fcnde der FairyTales offen. Entf\u00fchrung, Totschlag, Irref\u00fchrung, Willk\u00fcr und sogar Mord im M\u00e4rchenwald \u2013 mit und ohne \u201eHappily Ever After\u201c \u2026?<\/p>\n<p>Broschiert, 152 Seiten<\/p>\n","protected":false},"excerpt":{"rendered":"<p>Br<\/p>\n","protected":false},"featured_media":4834,"template":"","meta":[],"product_brand":[],"product_cat":[185,213],"product_tag":[528,391],"class_list":{"0":"post-4833","1":"product","2":"type-product","3":"status-publish","4":"has-post-thumbnail","6":"product_cat-literatur","7":"product_cat-maerchen","8":"product_tag-krimi","9":"product_tag-maerchen","10":"product_shipping_class-paket","12":"first","13":"onbackorder","14":"taxable","15":"shipping-taxable","16":"purchasable","17":"product-type-simple"},"_links":{"self":[{"href":"https:\/\/shop.mittgard.de\/index.php?rest_route=\/wp\/v2\/product\/4833","targetHints":{"allow":["GET"]}}],"collection":[{"href":"https:\/\/shop.mittgard.de\/index.php?rest_route=\/wp\/v2\/product"}],"about":[{"href":"https:\/\/shop.mittgard.de\/index.php?rest_route=\/wp\/v2\/types\/product"}],"wp:featuredmedia":[{"embeddable":true,"href":"https:\/\/shop.mittgard.de\/index.php?rest_route=\/wp\/v2\/media\/4834"}],"wp:attachment":[{"href":"https:\/\/shop.mittgard.de\/index.php?rest_route=%2Fwp%2Fv2%2Fmedia&parent=4833"}],"wp:term":[{"taxonomy":"product_brand","embeddable":true,"href":"https:\/\/shop.mittgard.de\/index.php?rest_route=%2Fwp%2Fv2%2Fproduct_brand&post=4833"},{"taxonomy":"product_cat","embeddable":true,"href":"https:\/\/shop.mittgard.de\/index.php?rest_route=%2Fwp%2Fv2%2Fproduct_cat&post=4833"},{"taxonomy":"product_tag","embeddable":true,"href":"https:\/\/shop.mittgard.de\/index.php?rest_route=%2Fwp%2Fv2%2Fproduct_tag&post=4833"}],"curies":[{"name":"wp","href":"https:\/\/api.w.org\/{rel}","templated":true}]}}