{"id":4849,"date":"2018-10-03T14:44:30","date_gmt":"2018-10-03T12:44:30","guid":{"rendered":"http:\/\/shop.mittgard.de\/?post_type=product&#038;p=4849"},"modified":"2024-12-15T15:27:26","modified_gmt":"2024-12-15T14:27:26","slug":"gunivortus-goos-die-zeit-der-kriegsherren","status":"publish","type":"product","link":"https:\/\/shop.mittgard.de\/?product=gunivortus-goos-die-zeit-der-kriegsherren","title":{"rendered":"Goos, Gunivortus &#8222;Die Zeit der Kriegsherren&#8220;"},"content":{"rendered":"<p>Die Franken waren ein Volk, an dessen Wiege mehrere germanische Kleinst\u00e4mme standen, die sich in Zweckb\u00fcndnissen vereinigten. Das vorliegende Buch folgt Schritt f\u00fcr Schritt der Geschichte der Franken, als diese noch ihren heidnischen Glauben praktizierten: von den ersten Erw\u00e4hnungen des Stamms, ihrem Agieren als r\u00f6misches Hilfsvolk, ihrer Teilnahme am Krieg gegen den Hunnenf\u00fchrer Attila, bis zu ihrem Kriegerk\u00f6nig Chlodwig I. Mit seiner Taufe, welche den Anfang des absehbaren Endes ihres heidnischen Glaubens markiert.<\/p>\n<p>Aber auch die fortschreitende Christianisierung, ein wesentliches Moment der Merowingerreiche, wird in dieser Untersuchung dargestellt, wie auch die V\u00f6lkerwanderung und die Hunnen zum besseren Verst\u00e4ndnis erl\u00e4utert werden.<\/p>\n<p>Dieses Werk bezieht sein Wissen aus wissenschaftlichen Quellen, erhebt jedoch nicht Anspruch, selbst eins zu sein. Daher richtet es sich nicht nur an Akademiker, sondern, wie schon einst die Gebr\u00fcder Grimm in ihrer Sammlung der Hausm\u00e4rchen schrieben, an erster Stelle an \u201eden interessierten Laien\u201c.<\/p>\n<p>Gebundene Ausgabe, 484 Seiten<\/p>\n","protected":false},"excerpt":{"rendered":"<p>HC<\/p>\n","protected":false},"featured_media":4850,"template":"","meta":[],"product_brand":[],"product_cat":[193,192,185],"product_tag":[343,336,545],"class_list":{"0":"post-4849","1":"product","2":"type-product","3":"status-publish","4":"has-post-thumbnail","6":"product_cat-germanen","7":"product_cat-geschichte","8":"product_cat-literatur","9":"product_tag-franken","10":"product_tag-germanen","11":"product_tag-merowinger","12":"product_shipping_class-paket","14":"first","15":"instock","16":"taxable","17":"shipping-taxable","18":"purchasable","19":"product-type-simple"},"_links":{"self":[{"href":"https:\/\/shop.mittgard.de\/index.php?rest_route=\/wp\/v2\/product\/4849","targetHints":{"allow":["GET"]}}],"collection":[{"href":"https:\/\/shop.mittgard.de\/index.php?rest_route=\/wp\/v2\/product"}],"about":[{"href":"https:\/\/shop.mittgard.de\/index.php?rest_route=\/wp\/v2\/types\/product"}],"wp:featuredmedia":[{"embeddable":true,"href":"https:\/\/shop.mittgard.de\/index.php?rest_route=\/wp\/v2\/media\/4850"}],"wp:attachment":[{"href":"https:\/\/shop.mittgard.de\/index.php?rest_route=%2Fwp%2Fv2%2Fmedia&parent=4849"}],"wp:term":[{"taxonomy":"product_brand","embeddable":true,"href":"https:\/\/shop.mittgard.de\/index.php?rest_route=%2Fwp%2Fv2%2Fproduct_brand&post=4849"},{"taxonomy":"product_cat","embeddable":true,"href":"https:\/\/shop.mittgard.de\/index.php?rest_route=%2Fwp%2Fv2%2Fproduct_cat&post=4849"},{"taxonomy":"product_tag","embeddable":true,"href":"https:\/\/shop.mittgard.de\/index.php?rest_route=%2Fwp%2Fv2%2Fproduct_tag&post=4849"}],"curies":[{"name":"wp","href":"https:\/\/api.w.org\/{rel}","templated":true}]}}