{"id":4919,"date":"2018-10-09T17:31:27","date_gmt":"2018-10-09T15:31:27","guid":{"rendered":"http:\/\/shop.mittgard.de\/?post_type=product&#038;p=4919"},"modified":"2024-12-16T09:28:24","modified_gmt":"2024-12-16T08:28:24","slug":"mania-hubert-das-buch-der-keltischen-mythen","status":"publish","type":"product","link":"https:\/\/shop.mittgard.de\/?product=mania-hubert-das-buch-der-keltischen-mythen","title":{"rendered":"Mania, Hubert &#8222;Das Buch der keltischen Mythen&#8220;"},"content":{"rendered":"<p>Gro\u00dfe G\u00f6tter und tapfere Krieger, weise Druiden und zauberhaftes Feenvolk &#8211; die Erz\u00e4hlungen der alten Kelten sind Legende und erz\u00e4hlte Geschichte zugleich. Lieder und Ges\u00e4nge aus Irland, Schottland, Wales und der Bretagne erz\u00e4hlen die Geschichte dieses Volkes und gew\u00e4hren tiefen Einblick in ihre Kultur, ihre Br\u00e4uche, Rituale und Weisheiten, wie sie von Generation zu Generation weitergereicht worden sind. Vom Finn-Zyklus \u00fcber die Sagen von der Anderswelt bis hin zu K\u00f6nig Artus und dem keltischen Christentum &#8211; fantastisch und bewegend!<\/p>\n<p>Gebundene Ausgabe, 320 Seiten<\/p>\n","protected":false},"excerpt":{"rendered":"<p>Geb<\/p>\n","protected":false},"featured_media":4920,"template":"","meta":[],"product_brand":[],"product_cat":[194,185,212],"product_tag":[313,546,305],"class_list":{"0":"post-4919","1":"product","2":"type-product","3":"status-publish","4":"has-post-thumbnail","6":"product_cat-kelten","7":"product_cat-literatur","8":"product_cat-sagen","9":"product_tag-kelten","10":"product_tag-legenden","11":"product_tag-sagen","12":"product_shipping_class-paket","14":"first","15":"onbackorder","16":"taxable","17":"shipping-taxable","18":"purchasable","19":"product-type-simple"},"_links":{"self":[{"href":"https:\/\/shop.mittgard.de\/index.php?rest_route=\/wp\/v2\/product\/4919","targetHints":{"allow":["GET"]}}],"collection":[{"href":"https:\/\/shop.mittgard.de\/index.php?rest_route=\/wp\/v2\/product"}],"about":[{"href":"https:\/\/shop.mittgard.de\/index.php?rest_route=\/wp\/v2\/types\/product"}],"wp:featuredmedia":[{"embeddable":true,"href":"https:\/\/shop.mittgard.de\/index.php?rest_route=\/wp\/v2\/media\/4920"}],"wp:attachment":[{"href":"https:\/\/shop.mittgard.de\/index.php?rest_route=%2Fwp%2Fv2%2Fmedia&parent=4919"}],"wp:term":[{"taxonomy":"product_brand","embeddable":true,"href":"https:\/\/shop.mittgard.de\/index.php?rest_route=%2Fwp%2Fv2%2Fproduct_brand&post=4919"},{"taxonomy":"product_cat","embeddable":true,"href":"https:\/\/shop.mittgard.de\/index.php?rest_route=%2Fwp%2Fv2%2Fproduct_cat&post=4919"},{"taxonomy":"product_tag","embeddable":true,"href":"https:\/\/shop.mittgard.de\/index.php?rest_route=%2Fwp%2Fv2%2Fproduct_tag&post=4919"}],"curies":[{"name":"wp","href":"https:\/\/api.w.org\/{rel}","templated":true}]}}