{"id":4931,"date":"2018-10-09T17:52:23","date_gmt":"2018-10-09T15:52:23","guid":{"rendered":"http:\/\/shop.mittgard.de\/?post_type=product&#038;p=4931"},"modified":"2025-12-01T13:15:33","modified_gmt":"2025-12-01T12:15:33","slug":"ackermann-erich-schottische-maerchen","status":"publish","type":"product","link":"https:\/\/shop.mittgard.de\/?product=ackermann-erich-schottische-maerchen","title":{"rendered":"Ackermann, Erich &#8222;Schottische M\u00e4rchen&#8220;"},"content":{"rendered":"<p>Schottische M\u00e4rchen sind von einer wechselhaften Geschichte und einer wild-romantischen Landschaft gepr\u00e4gt. Sie vereinen die Mystik des Landes mit den uralten Mythen keltischer Vorzeit. Dem Ozean entsteigen Meerfrauen, die Menschen in die Tiefe ihres geheimnisvollen Reiches locken. In dunklen Seen hausen Ungeheuer, die sich ihre Opfer suchen, und in Mooren wimmelt es von d\u00e4monischen Wesen. Vor allem aber bev\u00f6lkern wundersch\u00f6ne Feen und Elfen die H\u00fcgel und erscheinen den Menschen, um ihnen zu helfen oder sie zu bestrafen. Fr\u00fcher besuchten Geschichtenerz\u00e4hler die H\u00e4user der Highlands und unterhielten ihre Bewohner am Torffeuer mit ihren Sagen und Liedern. Einige der sch\u00f6nsten schottischen M\u00e4rchen sind in diesem Band versammelt.<\/p>\n<p>Gebundene Ausgabe, 320 Seiten<\/p>\n","protected":false},"excerpt":{"rendered":"<p>Geb<\/p>\n","protected":false},"featured_media":4932,"template":"","meta":[],"product_brand":[],"product_cat":[185,213],"product_tag":[313,391,418],"class_list":{"0":"post-4931","1":"product","2":"type-product","3":"status-publish","4":"has-post-thumbnail","6":"product_cat-literatur","7":"product_cat-maerchen","8":"product_tag-kelten","9":"product_tag-maerchen","10":"product_tag-schottland","11":"product_shipping_class-paket","13":"first","14":"instock","15":"taxable","16":"shipping-taxable","17":"purchasable","18":"product-type-simple"},"_links":{"self":[{"href":"https:\/\/shop.mittgard.de\/index.php?rest_route=\/wp\/v2\/product\/4931","targetHints":{"allow":["GET"]}}],"collection":[{"href":"https:\/\/shop.mittgard.de\/index.php?rest_route=\/wp\/v2\/product"}],"about":[{"href":"https:\/\/shop.mittgard.de\/index.php?rest_route=\/wp\/v2\/types\/product"}],"wp:featuredmedia":[{"embeddable":true,"href":"https:\/\/shop.mittgard.de\/index.php?rest_route=\/wp\/v2\/media\/4932"}],"wp:attachment":[{"href":"https:\/\/shop.mittgard.de\/index.php?rest_route=%2Fwp%2Fv2%2Fmedia&parent=4931"}],"wp:term":[{"taxonomy":"product_brand","embeddable":true,"href":"https:\/\/shop.mittgard.de\/index.php?rest_route=%2Fwp%2Fv2%2Fproduct_brand&post=4931"},{"taxonomy":"product_cat","embeddable":true,"href":"https:\/\/shop.mittgard.de\/index.php?rest_route=%2Fwp%2Fv2%2Fproduct_cat&post=4931"},{"taxonomy":"product_tag","embeddable":true,"href":"https:\/\/shop.mittgard.de\/index.php?rest_route=%2Fwp%2Fv2%2Fproduct_tag&post=4931"}],"curies":[{"name":"wp","href":"https:\/\/api.w.org\/{rel}","templated":true}]}}