{"id":5398,"date":"2018-11-15T10:28:52","date_gmt":"2018-11-15T09:28:52","guid":{"rendered":"http:\/\/shop.mittgard.de\/?post_type=product&#038;p=5398"},"modified":"2024-12-12T16:47:08","modified_gmt":"2024-12-12T15:47:08","slug":"phrygische-muetze-1","status":"publish","type":"product","link":"https:\/\/shop.mittgard.de\/?product=phrygische-muetze-1","title":{"rendered":"Phrygische M\u00fctze 1"},"content":{"rendered":"<p>aus 100% Wollstoff &#8211; bei Bestellung schicke ich Fotos von den vorr\u00e4tigen Wollstoffen zur Farbauswahl<\/p>\n<p>Deinen Kopfumfang ausmessen, so wie du die M\u00fctze tragen m\u00f6chtest, also ob mit Ohren drinnen oder nicht; und mir mitteilen.<\/p>\n<p>Die Phrygische M\u00fctze wurde in der Antike von Phrygern und anderen anatolischen V\u00f6lkern getragen. Sie galt bei den Griechen als Symbol f\u00fcr den Barbaren. Bei denen war sie aber Symbol f\u00fcr St\u00e4rke &amp; Zeugungskraft und wurde aus dem Hodensack des Opferstiers hergestellt. Keine Angst, meine M\u00fctzen sind aus Wollstoff!<\/p>\n<p>Durch Anh\u00e4nger des Mithraskultes gelangte diese M\u00fctze mit der r\u00f6mischen Legion bis nach England, wo sie durch Angelsachsen weiter in Mode blieb. Im Mittelalter wurde sie auch in Italien wieder Mode und kennzeichnete den Dogen von Venedig bzw. war die Kopfbedeckung der Seeleute von Neapel.<\/p>\n<p>handgen\u00e4ht<\/p>\n<p>&nbsp;<\/p>\n","protected":false},"excerpt":{"rendered":"<p>Wolle<\/p>\n","protected":false},"featured_media":11329,"template":"","meta":[],"product_brand":[],"product_cat":[562,566],"product_tag":[588,587],"class_list":{"0":"post-5398","1":"product","2":"type-product","3":"status-publish","4":"has-post-thumbnail","6":"product_cat-gewandungen","7":"product_cat-kopfbedeckungen","8":"product_tag-angelsachsen","9":"product_tag-schlumpfmuetze","10":"product_shipping_class-brief","12":"first","13":"onbackorder","14":"sold-individually","15":"taxable","16":"shipping-taxable","17":"purchasable","18":"product-type-simple"},"_links":{"self":[{"href":"https:\/\/shop.mittgard.de\/index.php?rest_route=\/wp\/v2\/product\/5398","targetHints":{"allow":["GET"]}}],"collection":[{"href":"https:\/\/shop.mittgard.de\/index.php?rest_route=\/wp\/v2\/product"}],"about":[{"href":"https:\/\/shop.mittgard.de\/index.php?rest_route=\/wp\/v2\/types\/product"}],"wp:featuredmedia":[{"embeddable":true,"href":"https:\/\/shop.mittgard.de\/index.php?rest_route=\/wp\/v2\/media\/11329"}],"wp:attachment":[{"href":"https:\/\/shop.mittgard.de\/index.php?rest_route=%2Fwp%2Fv2%2Fmedia&parent=5398"}],"wp:term":[{"taxonomy":"product_brand","embeddable":true,"href":"https:\/\/shop.mittgard.de\/index.php?rest_route=%2Fwp%2Fv2%2Fproduct_brand&post=5398"},{"taxonomy":"product_cat","embeddable":true,"href":"https:\/\/shop.mittgard.de\/index.php?rest_route=%2Fwp%2Fv2%2Fproduct_cat&post=5398"},{"taxonomy":"product_tag","embeddable":true,"href":"https:\/\/shop.mittgard.de\/index.php?rest_route=%2Fwp%2Fv2%2Fproduct_tag&post=5398"}],"curies":[{"name":"wp","href":"https:\/\/api.w.org\/{rel}","templated":true}]}}