{"id":5525,"date":"2018-11-17T08:22:42","date_gmt":"2018-11-17T07:22:42","guid":{"rendered":"http:\/\/shop.mittgard.de\/?post_type=product&#038;p=5525"},"modified":"2024-12-12T16:25:43","modified_gmt":"2024-12-12T15:25:43","slug":"organzabeutel-blau","status":"publish","type":"product","link":"https:\/\/shop.mittgard.de\/?product=organzabeutel-blau","title":{"rendered":"Organzabeutel blau"},"content":{"rendered":"<p>100% Polyester<\/p>\n<p>14 x 20 cm<\/p>\n<p>zum Bef\u00fcllen mit Kr\u00e4utern, als Dufts\u00e4ckchen oder Geschenkverpackung f\u00fcr Kleinigkeiten<\/p>\n","protected":false},"excerpt":{"rendered":"<p>100% Polyester 14 x 20 cm zum Bef\u00fcllen mit Kr\u00e4utern, als Dufts\u00e4ckchen oder Geschenkverpackung f\u00fcr Kleinigkeiten<\/p>\n","protected":false},"featured_media":5526,"template":"","meta":[],"product_brand":[],"product_cat":[569,562],"product_tag":[593,594],"class_list":{"0":"post-5525","1":"product","2":"type-product","3":"status-publish","4":"has-post-thumbnail","6":"product_cat-beutel-und-taschen","7":"product_cat-gewandungen","8":"product_tag-beutel","9":"product_tag-geschenk","10":"product_shipping_class-brief","12":"first","13":"instock","14":"taxable","15":"shipping-taxable","16":"purchasable","17":"product-type-simple"},"_links":{"self":[{"href":"https:\/\/shop.mittgard.de\/index.php?rest_route=\/wp\/v2\/product\/5525","targetHints":{"allow":["GET"]}}],"collection":[{"href":"https:\/\/shop.mittgard.de\/index.php?rest_route=\/wp\/v2\/product"}],"about":[{"href":"https:\/\/shop.mittgard.de\/index.php?rest_route=\/wp\/v2\/types\/product"}],"wp:featuredmedia":[{"embeddable":true,"href":"https:\/\/shop.mittgard.de\/index.php?rest_route=\/wp\/v2\/media\/5526"}],"wp:attachment":[{"href":"https:\/\/shop.mittgard.de\/index.php?rest_route=%2Fwp%2Fv2%2Fmedia&parent=5525"}],"wp:term":[{"taxonomy":"product_brand","embeddable":true,"href":"https:\/\/shop.mittgard.de\/index.php?rest_route=%2Fwp%2Fv2%2Fproduct_brand&post=5525"},{"taxonomy":"product_cat","embeddable":true,"href":"https:\/\/shop.mittgard.de\/index.php?rest_route=%2Fwp%2Fv2%2Fproduct_cat&post=5525"},{"taxonomy":"product_tag","embeddable":true,"href":"https:\/\/shop.mittgard.de\/index.php?rest_route=%2Fwp%2Fv2%2Fproduct_tag&post=5525"}],"curies":[{"name":"wp","href":"https:\/\/api.w.org\/{rel}","templated":true}]}}