{"id":5858,"date":"2018-11-21T17:46:31","date_gmt":"2018-11-21T16:46:31","guid":{"rendered":"http:\/\/shop.mittgard.de\/?post_type=product&#038;p=5858"},"modified":"2024-12-16T10:47:43","modified_gmt":"2024-12-16T09:47:43","slug":"frueh-kuebler-feuerblume","status":"publish","type":"product","link":"https:\/\/shop.mittgard.de\/?product=frueh-kuebler-feuerblume","title":{"rendered":"Fr\u00fch\/K\u00fcbler &#8222;Feuerblume&#8220;"},"content":{"rendered":"<p>M\u00e4rchen von Liebe, Lust und Leidenschaft<\/p>\n<p>Alte und neue M\u00e4rchen zeigen den Facettenreichtum der Liebe. Voll geheimnisvoller Symbolik, tragikomisch, unbeschwert oder mit frivoler Erotik, immer jedoch unterhaltsam und auf knisternde Weise spannend. Die beiden Herausgeber Sigrid Fr\u00fch und Roland K\u00fcbler nehmen den Leser mit auf eine Reise in das grenzenlose Land der Liebe, f\u00fcr das es auch heute noch keine Landkarten gibt.<\/p>\n<p>Broschiert, 144 Seiten<\/p>\n","protected":false},"excerpt":{"rendered":"<p>Pb<\/p>\n","protected":false},"featured_media":5859,"template":"","meta":[],"product_brand":[],"product_cat":[185,219,213,56],"product_tag":[516,391],"class_list":{"0":"post-5858","1":"product","2":"type-product","3":"status-publish","4":"has-post-thumbnail","6":"product_cat-literatur","7":"product_cat-literatur-restekiste","8":"product_cat-maerchen","9":"product_cat-restekiste","10":"product_tag-liebe","11":"product_tag-maerchen","12":"product_shipping_class-paket","14":"first","15":"instock","16":"taxable","17":"shipping-taxable","18":"purchasable","19":"product-type-simple"},"_links":{"self":[{"href":"https:\/\/shop.mittgard.de\/index.php?rest_route=\/wp\/v2\/product\/5858","targetHints":{"allow":["GET"]}}],"collection":[{"href":"https:\/\/shop.mittgard.de\/index.php?rest_route=\/wp\/v2\/product"}],"about":[{"href":"https:\/\/shop.mittgard.de\/index.php?rest_route=\/wp\/v2\/types\/product"}],"wp:featuredmedia":[{"embeddable":true,"href":"https:\/\/shop.mittgard.de\/index.php?rest_route=\/wp\/v2\/media\/5859"}],"wp:attachment":[{"href":"https:\/\/shop.mittgard.de\/index.php?rest_route=%2Fwp%2Fv2%2Fmedia&parent=5858"}],"wp:term":[{"taxonomy":"product_brand","embeddable":true,"href":"https:\/\/shop.mittgard.de\/index.php?rest_route=%2Fwp%2Fv2%2Fproduct_brand&post=5858"},{"taxonomy":"product_cat","embeddable":true,"href":"https:\/\/shop.mittgard.de\/index.php?rest_route=%2Fwp%2Fv2%2Fproduct_cat&post=5858"},{"taxonomy":"product_tag","embeddable":true,"href":"https:\/\/shop.mittgard.de\/index.php?rest_route=%2Fwp%2Fv2%2Fproduct_tag&post=5858"}],"curies":[{"name":"wp","href":"https:\/\/api.w.org\/{rel}","templated":true}]}}