{"id":595,"date":"2018-03-07T00:39:42","date_gmt":"2018-03-06T23:39:42","guid":{"rendered":"http:\/\/shop.mittgard.de\/?product=import-placeholder-for-10"},"modified":"2026-03-25T09:48:21","modified_gmt":"2026-03-25T08:48:21","slug":"angelika-engelwurz-100g","status":"publish","type":"product","link":"https:\/\/shop.mittgard.de\/?product=angelika-engelwurz-100g","title":{"rendered":"Angelika (Engelwurz), Wurzel, geschnitten (100g)"},"content":{"rendered":"<p>Wurzel, geschnitten<\/p>\n<p>hilft bei V\u00f6llegef\u00fchl, Bl\u00e4hungen, leichten, krampfartigen Magen-Darm-St\u00f6rungen &amp; Magenbeschwerden durch mangelnde Verdauungssaftbildung; nicht anwenden bei Magen- oder Darmgeschw\u00fcren!<\/p>\n\r\n\t<a class=\"paoc-popup-click paoc-popup-cust-9123 paoc-popup-simple_link paoc-popup-link\" href=\"javascript:void(0);\">Geschichtliches samt Rezept<\/a>\r\n\r\n\n<blockquote>\n<pre class=\"western\"><span style=\"font-family: Lucida Blackletter, cursive; font-size: 12pt;\">Engelwurz<\/span>\r\n\r\n<span style=\"font-family: Lucida Blackletter, cursive; font-size: 12pt;\">Hye haben wir abermals der edlen und ber\u00fcmpten Kreutter eins,<\/span>\r\n<span style=\"font-family: Lucida Blackletter, cursive; font-size: 12pt;\">welches wegen seiner tugent wider gifft und \r\ninsonderheit wider die Pestilenz nicht zu bezahlen ist\r\nwie solchs mannigfaltige erfahrung bezeugt.<\/span>\r\n\r\n<span style=\"font-family: Lucida Blackletter, cursive; font-size: 12pt;\">Mattioli anno 1563\r\n\r\n<\/span><\/pre>\n<pre class=\"western\"><span style=\"font-family: Lucida Blackletter, cursive; font-size: 12pt;\">Engelwurz<\/span>\r\n\r\n<span style=\"font-family: Lucida Blackletter, cursive; font-size: 12pt;\">Dieses Gew\u00e4chs wird hin und wieder bey uns in den G\u00e4rten gezielet\r\n<\/span><span style=\"font-family: Lucida Blackletter, cursive; font-size: 12pt;\">Und sonderlich wird die am meisten geprisen<\/span>\r\n<span style=\"font-family: Lucida Blackletter, cursive; font-size: 12pt;\">Die zu Freyburg im Breisgau<\/span>\r\n<span style=\"font-family: Lucida Blackletter, cursive; font-size: 12pt;\">Von den M\u00f6nchen in den Carthausen in grosser Mange \r\ngepflantzet wird<\/span>\r\n<span style=\"font-family: Lucida Blackletter, cursive; font-size: 12pt;\">Welche nicht allein in Teutschland<\/span>\r\n<span style=\"font-family: Lucida Blackletter, cursive; font-size: 12pt;\">Sondern auch in andere frembde Land verkaufft wird.<\/span>\r\n\r\n<span style=\"font-family: Lucida Blackletter, cursive; font-size: 12pt;\">Vom Samen zielet man junge St\u00f6cklein<\/span>\r\n<span style=\"font-family: Lucida Blackletter, cursive; font-size: 12pt;\">Den s\u00e4et man um S. Martins Tag<\/span>\r\n<span style=\"font-family: Lucida Blackletter, cursive; font-size: 12pt;\">Auf folgende Wei\u00df:<\/span>\r\n<span style=\"font-family: Lucida Blackletter, cursive; font-size: 12pt;\">Man legt den Samen \u00fcber Nacht in ein frisch Wasser<\/span>\r\n<span style=\"font-family: Lucida Blackletter, cursive; font-size: 12pt;\">Des Morgens wird er in ein gut schwartz erdreich gewurffen<\/span>\r\n<span style=\"font-family: Lucida Blackletter, cursive; font-size: 12pt;\">Der thut sich im Fr\u00fchling aus dem Grund<\/span>\r\n<span style=\"font-family: Lucida Blackletter, cursive; font-size: 12pt;\">Wie der samen des K\u00f6rffels<\/span>\r\n<span style=\"font-family: Lucida Blackletter, cursive; font-size: 12pt;\">Und die erste Bl\u00e4ttlein die hierf\u00fcr wachsen dem Peterleinkraut gleich.<\/span>\r\n<span style=\"font-family: Lucida Blackletter, cursive; font-size: 12pt;\">Diese junge St\u00f6cklein setzt man in dem neuen Liecht im Mayen aus<\/span>\r\n<span style=\"font-family: Lucida Blackletter, cursive; font-size: 12pt;\">Auf die anderthalb Schuh von einander.<\/span>\r\n<span style=\"font-family: Lucida Blackletter, cursive; font-size: 12pt;\">Im vierdten Jahr st\u00f6sset der Stengel herf\u00fcr<\/span>\r\n<span style=\"font-family: Lucida Blackletter, cursive; font-size: 12pt;\">Bringet Blumen und Samen<\/span>\r\n<span style=\"font-family: Lucida Blackletter, cursive; font-size: 12pt;\">Wann er abf\u00e4llt<\/span>\r\n<span style=\"font-family: Lucida Blackletter, cursive; font-size: 12pt;\">So wird der Stengel und Wurtzel holtzechtig und verdorben.<\/span>\r\n<span style=\"font-family: Lucida Blackletter, cursive; font-size: 12pt;\">So man die Angelika in ein guten feisten Grund setzt<\/span>\r\n<span style=\"font-family: Lucida Blackletter, cursive; font-size: 12pt;\">So besamet sie sich selbst<\/span>\r\n<span style=\"font-family: Lucida Blackletter, cursive; font-size: 12pt;\">Daraus dann junge St\u00f6cklein wachsen<\/span>\r\n<span style=\"font-family: Lucida Blackletter, cursive; font-size: 12pt;\">Die man versetzen kann:<\/span>\r\n<span style=\"font-family: Lucida Blackletter, cursive; font-size: 12pt;\">Sie m\u00fcssen aber ein wolgebaueten Grund haben<\/span>\r\n<span style=\"font-family: Lucida Blackletter, cursive; font-size: 12pt;\">M\u00fcssen auch vom Unkraut jettet und wol gereiniget<\/span>\r\n<span style=\"font-family: Lucida Blackletter, cursive; font-size: 12pt;\">Und offtermals mit \u00fcberschlagenem Wasser begossen werden.<\/span>\r\n\r\n<span style=\"font-family: Lucida Blackletter, cursive; font-size: 12pt;\">Tabernaemontanus anno 1731<\/span><\/pre>\n<\/blockquote>\n","protected":false},"excerpt":{"rendered":"<p>Wurzel, geschnitten hilft bei V\u00f6llegef\u00fchl, Bl\u00e4hungen, leichten, krampfartigen Magen-Darm-St\u00f6rungen &amp; Magenbeschwerden durch mangelnde Verdauungssaftbildung; nicht anwenden bei Magen- oder Darmgeschw\u00fcren! Engelwurz Hye haben wir abermals der edlen und ber\u00fcmpten Kreutter eins, welches wegen seiner tugent wider gifft und insonderheit wider die Pestilenz nicht zu bezahlen ist wie solchs mannigfaltige erfahrung bezeugt. Mattioli anno 1563 Engelwurz &hellip; <\/p>\n<p class=\"link-more\"><a href=\"https:\/\/shop.mittgard.de\/?product=angelika-engelwurz-100g\" class=\"more-link\"><span class=\"screen-reader-text\">\u201eAngelika (Engelwurz), Wurzel, geschnitten (100g)\u201c <\/span>weiterlesen<\/a><\/p>\n","protected":false},"featured_media":1135,"template":"","meta":[],"product_brand":[],"product_cat":[17,16],"product_tag":[66],"class_list":{"0":"post-595","1":"product","2":"type-product","3":"status-publish","4":"has-post-thumbnail","6":"product_cat-arzneikraeuter","7":"product_cat-kraeuter","8":"product_tag-verdauungsfoerdernd","9":"product_shipping_class-paket","11":"first","12":"instock","13":"taxable","14":"shipping-taxable","15":"purchasable","16":"product-type-simple"},"_links":{"self":[{"href":"https:\/\/shop.mittgard.de\/index.php?rest_route=\/wp\/v2\/product\/595","targetHints":{"allow":["GET"]}}],"collection":[{"href":"https:\/\/shop.mittgard.de\/index.php?rest_route=\/wp\/v2\/product"}],"about":[{"href":"https:\/\/shop.mittgard.de\/index.php?rest_route=\/wp\/v2\/types\/product"}],"wp:featuredmedia":[{"embeddable":true,"href":"https:\/\/shop.mittgard.de\/index.php?rest_route=\/wp\/v2\/media\/1135"}],"wp:attachment":[{"href":"https:\/\/shop.mittgard.de\/index.php?rest_route=%2Fwp%2Fv2%2Fmedia&parent=595"}],"wp:term":[{"taxonomy":"product_brand","embeddable":true,"href":"https:\/\/shop.mittgard.de\/index.php?rest_route=%2Fwp%2Fv2%2Fproduct_brand&post=595"},{"taxonomy":"product_cat","embeddable":true,"href":"https:\/\/shop.mittgard.de\/index.php?rest_route=%2Fwp%2Fv2%2Fproduct_cat&post=595"},{"taxonomy":"product_tag","embeddable":true,"href":"https:\/\/shop.mittgard.de\/index.php?rest_route=%2Fwp%2Fv2%2Fproduct_tag&post=595"}],"curies":[{"name":"wp","href":"https:\/\/api.w.org\/{rel}","templated":true}]}}