{"id":596,"date":"2018-03-07T00:39:42","date_gmt":"2018-03-06T23:39:42","guid":{"rendered":"http:\/\/shop.mittgard.de\/?product=import-placeholder-for-11"},"modified":"2026-03-25T09:49:36","modified_gmt":"2026-03-25T08:49:36","slug":"anis-100g","status":"publish","type":"product","link":"https:\/\/shop.mittgard.de\/?product=anis-100g","title":{"rendered":"Anis, Samen, ganz (100g)"},"content":{"rendered":"<p>Samen, ganz<\/p>\n<p>bei Verdauungsbeschwerden, wie leichten Kr\u00e4mpfen im Magen-Darmbereich, Katarrhe der Luftwege; nicht anwenden bei Allergie gegen Anis!<\/p>\n\r\n\t<a class=\"paoc-popup-click paoc-popup-cust-9124 paoc-popup-simple_link paoc-popup-link\" href=\"javascript:void(0);\">Geschichtliches samt Rezept<\/a>\r\n\r\n\n<blockquote>\n<pre class=\"western\"><span style=\"font-family: georgia, palatino, serif; font-size: 14pt;\"><strong>\r\nAenis<\/strong>\r\n\r\nsamen oder ein confect daruon\r\nist nicht allein lieblich\r\nsondern auch sehr n\u00fctzlich\r\nall denen so einen b\u00f6sen stinkenden Athem haben\r\nvnd nicht wol schlafen m\u00f6gen.\r\n\r\nDieser samen ist nutz den Wassers\u00fcchtigen\r\ndann er er\u00f6ffnet gewisslich die Leber\r\nbewegt den harn\r\nlescht den durst\r\nvnnd truckt nider die auffbl\u00e4hung des bauchs\r\n\r\nWeiter ist Aenis gut zu aller Innerlichen sehrigkeit \r\ndes Magens\r\nder lungen\r\nder lebern\r\nvnd der Mutter,\r\ndann er stercket vnnd erw\u00e4rmet \r\nvnnd heilet den Magen\r\nvnnd alle Innerliche glider\r\nmacht dawen\r\ngibt einen guten geruch vber sich in das Haupt\r\nstillet schmetzen vnnd Grimmen\r\ndas aufsto\u00dfen und kluxen\r\nvertreibet inn summa alle presten vnnd bl\u00e4hungen \r\ndes magens \r\nvnnd der Lungen\r\nstillet den weissen fluss.\r\n\r\nWeitter so er\u00f6ffnet aenis den gang zum vnkeuschen samen\r\nist es ein Mann\r\noder zu der Milch\r\nist es eine Fraw oder Seugerinn.\r\n\r\nAenis ged\u00f6rrt vnnd eingenommen\r\nverstellet des Stulgang\r\nrote rur\r\nvnnd den weissen fluss der Frawen.\r\n\r\nanno 1577  Hieronymus Bock\r\n\r\n<\/span><\/pre>\n<pre><span style=\"font-family: georgia, palatino, serif; font-size: 14pt;\"><strong>Sehr wirksamer Verdauungstrank<\/strong>\r\n\r\n4 Zweige frische Minze\r\n3 EL Anis\r\n3 EL Enzian\r\n1 TL wei\u00dfer Pfeffer\r\n1\/2 Zimtstange\r\n300 ml Wodka\r\n\r\nMinze kleinhacken und mit Wasser 5 min aufkochen,\r\nalles in Flaschen f\u00fcllen und 3 Wochen ins Dunkle stellen\r\n&amp; t\u00e4glich umr\u00fchren &amp; dann abseihen.\r\n\r\nNach dem Essen 1 TL davon nehmen.<\/span><\/pre>\n<\/blockquote>\n","protected":false},"excerpt":{"rendered":"<p>Samen, ganz bei Verdauungsbeschwerden, wie leichten Kr\u00e4mpfen im Magen-Darmbereich, Katarrhe der Luftwege; nicht anwenden bei Allergie gegen Anis! Aenis samen oder ein confect daruon ist nicht allein lieblich sondern auch sehr n\u00fctzlich all denen so einen b\u00f6sen stinkenden Athem haben vnd nicht wol schlafen m\u00f6gen. Dieser samen ist nutz den Wassers\u00fcchtigen dann er er\u00f6ffnet gewisslich &hellip; <\/p>\n<p class=\"link-more\"><a href=\"https:\/\/shop.mittgard.de\/?product=anis-100g\" class=\"more-link\"><span class=\"screen-reader-text\">\u201eAnis, Samen, ganz (100g)\u201c <\/span>weiterlesen<\/a><\/p>\n","protected":false},"featured_media":1599,"template":"","meta":[],"product_brand":[],"product_cat":[17,16],"product_tag":[68,71],"class_list":{"0":"post-596","1":"product","2":"type-product","3":"status-publish","4":"has-post-thumbnail","6":"product_cat-arzneikraeuter","7":"product_cat-kraeuter","8":"product_tag-hustentee","9":"product_tag-magentee","10":"product_shipping_class-paket","12":"first","13":"onbackorder","14":"taxable","15":"shipping-taxable","16":"purchasable","17":"product-type-simple"},"_links":{"self":[{"href":"https:\/\/shop.mittgard.de\/index.php?rest_route=\/wp\/v2\/product\/596","targetHints":{"allow":["GET"]}}],"collection":[{"href":"https:\/\/shop.mittgard.de\/index.php?rest_route=\/wp\/v2\/product"}],"about":[{"href":"https:\/\/shop.mittgard.de\/index.php?rest_route=\/wp\/v2\/types\/product"}],"wp:featuredmedia":[{"embeddable":true,"href":"https:\/\/shop.mittgard.de\/index.php?rest_route=\/wp\/v2\/media\/1599"}],"wp:attachment":[{"href":"https:\/\/shop.mittgard.de\/index.php?rest_route=%2Fwp%2Fv2%2Fmedia&parent=596"}],"wp:term":[{"taxonomy":"product_brand","embeddable":true,"href":"https:\/\/shop.mittgard.de\/index.php?rest_route=%2Fwp%2Fv2%2Fproduct_brand&post=596"},{"taxonomy":"product_cat","embeddable":true,"href":"https:\/\/shop.mittgard.de\/index.php?rest_route=%2Fwp%2Fv2%2Fproduct_cat&post=596"},{"taxonomy":"product_tag","embeddable":true,"href":"https:\/\/shop.mittgard.de\/index.php?rest_route=%2Fwp%2Fv2%2Fproduct_tag&post=596"}],"curies":[{"name":"wp","href":"https:\/\/api.w.org\/{rel}","templated":true}]}}