{"id":597,"date":"2018-03-07T00:39:42","date_gmt":"2018-03-06T23:39:42","guid":{"rendered":"http:\/\/shop.mittgard.de\/?product=import-placeholder-for-12"},"modified":"2026-03-25T09:51:38","modified_gmt":"2026-03-25T08:51:38","slug":"arnika-50g","status":"publish","type":"product","link":"https:\/\/shop.mittgard.de\/?product=arnika-50g","title":{"rendered":"Arnika, Bl\u00fcten, ganz (50g)"},"content":{"rendered":"<p>Bl\u00fcten, ganz, mexikanisch<\/p>\n<p>zur \u00e4u\u00dferlichen Anwendung bei Verletzungs- und Unfallfolgen, wie Bluterg\u00fcssen, Verstauchungen, Prellungen, Quetschungen, \u00d6demen infolge eines Knochenbruchs, bei rheumatischen Muskel- und Gelenkbeschwerden, Furunkeln und Entz\u00fcndungen durch Insektenstiche, oberfl\u00e4chlicher Venenentz\u00fcndung; nicht anwenden bei \u00dcberempfindlichkeit gegen Korbbl\u00fctler!<\/p>\n\r\n\t<a class=\"paoc-popup-click paoc-popup-cust-9125 paoc-popup-simple_link paoc-popup-link\" href=\"javascript:void(0);\">Geschichtliches samt Rezept<\/a>\r\n\r\n\n","protected":false},"excerpt":{"rendered":"<p>Bl\u00fcten, ganz, mexikanisch zur \u00e4u\u00dferlichen Anwendung bei Verletzungs- und Unfallfolgen, wie Bluterg\u00fcssen, Verstauchungen, Prellungen, Quetschungen, \u00d6demen infolge eines Knochenbruchs, bei rheumatischen Muskel- und Gelenkbeschwerden, Furunkeln und Entz\u00fcndungen durch Insektenstiche, oberfl\u00e4chlicher Venenentz\u00fcndung; nicht anwenden bei \u00dcberempfindlichkeit gegen Korbbl\u00fctler!<\/p>\n","protected":false},"featured_media":1132,"template":"","meta":[],"product_brand":[],"product_cat":[17,16],"product_tag":[76],"class_list":{"0":"post-597","1":"product","2":"type-product","3":"status-publish","4":"has-post-thumbnail","6":"product_cat-arzneikraeuter","7":"product_cat-kraeuter","8":"product_tag-wundheilend","9":"product_shipping_class-paket","11":"first","12":"instock","13":"taxable","14":"shipping-taxable","15":"purchasable","16":"product-type-simple"},"_links":{"self":[{"href":"https:\/\/shop.mittgard.de\/index.php?rest_route=\/wp\/v2\/product\/597","targetHints":{"allow":["GET"]}}],"collection":[{"href":"https:\/\/shop.mittgard.de\/index.php?rest_route=\/wp\/v2\/product"}],"about":[{"href":"https:\/\/shop.mittgard.de\/index.php?rest_route=\/wp\/v2\/types\/product"}],"wp:featuredmedia":[{"embeddable":true,"href":"https:\/\/shop.mittgard.de\/index.php?rest_route=\/wp\/v2\/media\/1132"}],"wp:attachment":[{"href":"https:\/\/shop.mittgard.de\/index.php?rest_route=%2Fwp%2Fv2%2Fmedia&parent=597"}],"wp:term":[{"taxonomy":"product_brand","embeddable":true,"href":"https:\/\/shop.mittgard.de\/index.php?rest_route=%2Fwp%2Fv2%2Fproduct_brand&post=597"},{"taxonomy":"product_cat","embeddable":true,"href":"https:\/\/shop.mittgard.de\/index.php?rest_route=%2Fwp%2Fv2%2Fproduct_cat&post=597"},{"taxonomy":"product_tag","embeddable":true,"href":"https:\/\/shop.mittgard.de\/index.php?rest_route=%2Fwp%2Fv2%2Fproduct_tag&post=597"}],"curies":[{"name":"wp","href":"https:\/\/api.w.org\/{rel}","templated":true}]}}