{"id":598,"date":"2018-03-07T00:39:42","date_gmt":"2018-03-06T23:39:42","guid":{"rendered":"http:\/\/shop.mittgard.de\/?product=import-placeholder-for-13"},"modified":"2026-03-25T09:53:11","modified_gmt":"2026-03-25T08:53:11","slug":"baldrian-100g","status":"publish","type":"product","link":"https:\/\/shop.mittgard.de\/?product=baldrian-100g","title":{"rendered":"Baldrian, Wurzel, geschnitten (100g)"},"content":{"rendered":"<p>Wurzel, geschnitten<\/p>\n<p>Bei Unruhezust\u00e4nden und nerv\u00f6s bedingten Einschlafst\u00f6rungen<\/p>\n<blockquote>\n<pre class=\"western\"><span style=\"font-family: Lucida Blackletter, cursive; font-size: 12pt;\">Baldrian<\/span>\r\n<span style=\"font-family: Lucida Blackletter, cursive; font-size: 12pt;\">\r\nWilter gute freuntschaft machen<\/span><span style=\"font-family: Lucida Blackletter, cursive; font-size: 12pt;\">\r\nUnder mann und under weibe,<\/span><span style=\"font-family: Lucida Blackletter, cursive; font-size: 12pt;\">\r\nso nym valerianum und stosz die czu pulver<\/span><span style=\"font-family: Lucida Blackletter, cursive; font-size: 12pt;\">\r\nund gib ins czu trinken in Wein.<\/span>\r\n<span style=\"font-family: Lucida Blackletter, cursive; font-size: 12pt;\">\r\n15. Jahrhundert<\/span><\/pre>\n<\/blockquote>\n\r\n\t<a class=\"paoc-popup-click paoc-popup-cust-7447 paoc-popup-simple_link paoc-popup-link\" href=\"javascript:void(0);\">Geschichtliches samt Rezept<\/a>\r\n\r\n\n","protected":false},"excerpt":{"rendered":"<p>Wurzel, geschnitten Bei Unruhezust\u00e4nden und nerv\u00f6s bedingten Einschlafst\u00f6rungen Baldrian Wilter gute freuntschaft machen Under mann und under weibe, so nym valerianum und stosz die czu pulver und gib ins czu trinken in Wein. 15. Jahrhundert<\/p>\n","protected":false},"featured_media":1129,"template":"","meta":[],"product_brand":[],"product_cat":[17,16],"product_tag":[34],"class_list":{"0":"post-598","1":"product","2":"type-product","3":"status-publish","4":"has-post-thumbnail","6":"product_cat-arzneikraeuter","7":"product_cat-kraeuter","8":"product_tag-beruhigend","9":"product_shipping_class-paket","11":"first","12":"instock","13":"taxable","14":"shipping-taxable","15":"purchasable","16":"product-type-simple"},"_links":{"self":[{"href":"https:\/\/shop.mittgard.de\/index.php?rest_route=\/wp\/v2\/product\/598","targetHints":{"allow":["GET"]}}],"collection":[{"href":"https:\/\/shop.mittgard.de\/index.php?rest_route=\/wp\/v2\/product"}],"about":[{"href":"https:\/\/shop.mittgard.de\/index.php?rest_route=\/wp\/v2\/types\/product"}],"wp:featuredmedia":[{"embeddable":true,"href":"https:\/\/shop.mittgard.de\/index.php?rest_route=\/wp\/v2\/media\/1129"}],"wp:attachment":[{"href":"https:\/\/shop.mittgard.de\/index.php?rest_route=%2Fwp%2Fv2%2Fmedia&parent=598"}],"wp:term":[{"taxonomy":"product_brand","embeddable":true,"href":"https:\/\/shop.mittgard.de\/index.php?rest_route=%2Fwp%2Fv2%2Fproduct_brand&post=598"},{"taxonomy":"product_cat","embeddable":true,"href":"https:\/\/shop.mittgard.de\/index.php?rest_route=%2Fwp%2Fv2%2Fproduct_cat&post=598"},{"taxonomy":"product_tag","embeddable":true,"href":"https:\/\/shop.mittgard.de\/index.php?rest_route=%2Fwp%2Fv2%2Fproduct_tag&post=598"}],"curies":[{"name":"wp","href":"https:\/\/api.w.org\/{rel}","templated":true}]}}