{"id":599,"date":"2018-03-07T00:39:43","date_gmt":"2018-03-06T23:39:43","guid":{"rendered":"http:\/\/shop.mittgard.de\/?product=import-placeholder-for-14"},"modified":"2026-03-25T09:56:20","modified_gmt":"2026-03-25T08:56:20","slug":"birke-100g","status":"publish","type":"product","link":"https:\/\/shop.mittgard.de\/?product=birke-100g","title":{"rendered":"Birke, Bl\u00e4tter, geschnitten (100g)"},"content":{"rendered":"<p>Bl\u00e4tter, geschnitten<\/p>\n<p>zur Durchsp\u00fclung der ableitenden Harnwege &amp; bei Nierengrie\u00df, zur unterst\u00fctzenden Behandlung rheumatischer Beschwerden; nicht anwenden bei \u00d6demen infolge eingeschr\u00e4nkter Herz- &amp; Nierent\u00e4tigkeit!<\/p>\n","protected":false},"excerpt":{"rendered":"<p>Bl\u00e4tter, geschnitten zur Durchsp\u00fclung der ableitenden Harnwege &amp; bei Nierengrie\u00df, zur unterst\u00fctzenden Behandlung rheumatischer Beschwerden; nicht anwenden bei \u00d6demen infolge eingeschr\u00e4nkter Herz- &amp; Nierent\u00e4tigkeit!<\/p>\n","protected":false},"featured_media":1593,"template":"","meta":[],"product_brand":[],"product_cat":[17,16],"product_tag":[75],"class_list":{"0":"post-599","1":"product","2":"type-product","3":"status-publish","4":"has-post-thumbnail","6":"product_cat-arzneikraeuter","7":"product_cat-kraeuter","8":"product_tag-harntreibend","9":"product_shipping_class-paket","11":"first","12":"instock","13":"taxable","14":"shipping-taxable","15":"purchasable","16":"product-type-simple"},"_links":{"self":[{"href":"https:\/\/shop.mittgard.de\/index.php?rest_route=\/wp\/v2\/product\/599","targetHints":{"allow":["GET"]}}],"collection":[{"href":"https:\/\/shop.mittgard.de\/index.php?rest_route=\/wp\/v2\/product"}],"about":[{"href":"https:\/\/shop.mittgard.de\/index.php?rest_route=\/wp\/v2\/types\/product"}],"wp:featuredmedia":[{"embeddable":true,"href":"https:\/\/shop.mittgard.de\/index.php?rest_route=\/wp\/v2\/media\/1593"}],"wp:attachment":[{"href":"https:\/\/shop.mittgard.de\/index.php?rest_route=%2Fwp%2Fv2%2Fmedia&parent=599"}],"wp:term":[{"taxonomy":"product_brand","embeddable":true,"href":"https:\/\/shop.mittgard.de\/index.php?rest_route=%2Fwp%2Fv2%2Fproduct_brand&post=599"},{"taxonomy":"product_cat","embeddable":true,"href":"https:\/\/shop.mittgard.de\/index.php?rest_route=%2Fwp%2Fv2%2Fproduct_cat&post=599"},{"taxonomy":"product_tag","embeddable":true,"href":"https:\/\/shop.mittgard.de\/index.php?rest_route=%2Fwp%2Fv2%2Fproduct_tag&post=599"}],"curies":[{"name":"wp","href":"https:\/\/api.w.org\/{rel}","templated":true}]}}