{"id":6010,"date":"2018-11-29T10:59:47","date_gmt":"2018-11-29T09:59:47","guid":{"rendered":"http:\/\/shop.mittgard.de\/?post_type=product&#038;p=6010"},"modified":"2024-12-14T16:00:48","modified_gmt":"2024-12-14T15:00:48","slug":"raeucherturm-weinlaub","status":"publish","type":"product","link":"https:\/\/shop.mittgard.de\/?product=raeucherturm-weinlaub","title":{"rendered":"R\u00e4ucherturm &#8222;Weinlaub&#8220;"},"content":{"rendered":"<p>geschnitzt aus Mangoholz, wei\u00df gewachst<\/p>\n<p>f\u00fcr bis zu 4 R\u00e4ucherst\u00e4bchen und\/oder einem R\u00e4ucherkegel<\/p>\n<p>31 cm hoch und 7,5 cm breit<\/p>\n","protected":false},"excerpt":{"rendered":"<p>geschnitzt aus Mangoholz, wei\u00df gewachst f\u00fcr bis zu 4 R\u00e4ucherst\u00e4bchen und\/oder einem R\u00e4ucherkegel 31 cm hoch und 7,5 cm breit<\/p>\n","protected":false},"featured_media":6011,"template":"","meta":[],"product_brand":[],"product_cat":[125,110],"product_tag":[266,600],"class_list":{"0":"post-6010","1":"product","2":"type-product","3":"status-publish","4":"has-post-thumbnail","6":"product_cat-raeucherstaebchen-halter","7":"product_cat-raeucherwerk","8":"product_tag-holz","9":"product_tag-raeucherstaebchen","10":"product_shipping_class-paket","12":"first","13":"instock","14":"taxable","15":"shipping-taxable","16":"purchasable","17":"product-type-simple"},"_links":{"self":[{"href":"https:\/\/shop.mittgard.de\/index.php?rest_route=\/wp\/v2\/product\/6010","targetHints":{"allow":["GET"]}}],"collection":[{"href":"https:\/\/shop.mittgard.de\/index.php?rest_route=\/wp\/v2\/product"}],"about":[{"href":"https:\/\/shop.mittgard.de\/index.php?rest_route=\/wp\/v2\/types\/product"}],"wp:featuredmedia":[{"embeddable":true,"href":"https:\/\/shop.mittgard.de\/index.php?rest_route=\/wp\/v2\/media\/6011"}],"wp:attachment":[{"href":"https:\/\/shop.mittgard.de\/index.php?rest_route=%2Fwp%2Fv2%2Fmedia&parent=6010"}],"wp:term":[{"taxonomy":"product_brand","embeddable":true,"href":"https:\/\/shop.mittgard.de\/index.php?rest_route=%2Fwp%2Fv2%2Fproduct_brand&post=6010"},{"taxonomy":"product_cat","embeddable":true,"href":"https:\/\/shop.mittgard.de\/index.php?rest_route=%2Fwp%2Fv2%2Fproduct_cat&post=6010"},{"taxonomy":"product_tag","embeddable":true,"href":"https:\/\/shop.mittgard.de\/index.php?rest_route=%2Fwp%2Fv2%2Fproduct_tag&post=6010"}],"curies":[{"name":"wp","href":"https:\/\/api.w.org\/{rel}","templated":true}]}}