{"id":602,"date":"2018-03-07T00:39:43","date_gmt":"2018-03-06T23:39:43","guid":{"rendered":"http:\/\/shop.mittgard.de\/?product=import-placeholder-for-17"},"modified":"2026-03-25T09:59:16","modified_gmt":"2026-03-25T08:59:16","slug":"brennessel-100g","status":"publish","type":"product","link":"https:\/\/shop.mittgard.de\/?product=brennessel-100g","title":{"rendered":"Brennessel, Bl\u00e4tter, geschnitten (100g)"},"content":{"rendered":"<p>Bl\u00e4tter, geschnitten<\/p>\n<p>zur Erh\u00f6hung der Harnmenge &amp; zur unterst\u00fctzenden Behandlung von Beschwerden beim Wasserlassen; nicht anwenden bei \u00d6demen infolge eingeschr\u00e4nkter Herz- &amp; Nierent\u00e4tigkeit<\/p>\n\r\n\t<a class=\"paoc-popup-click paoc-popup-cust-7332 paoc-popup-simple_link paoc-popup-link\" href=\"javascript:void(0);\">Geschichtliches samt Rezept<\/a>\r\n\r\n\n","protected":false},"excerpt":{"rendered":"<p>Bl\u00e4tter, geschnitten zur Erh\u00f6hung der Harnmenge &amp; zur unterst\u00fctzenden Behandlung von Beschwerden beim Wasserlassen; nicht anwenden bei \u00d6demen infolge eingeschr\u00e4nkter Herz- &amp; Nierent\u00e4tigkeit<\/p>\n","protected":false},"featured_media":6873,"template":"","meta":[],"product_brand":[],"product_cat":[17,16],"product_tag":[75],"class_list":{"0":"post-602","1":"product","2":"type-product","3":"status-publish","4":"has-post-thumbnail","6":"product_cat-arzneikraeuter","7":"product_cat-kraeuter","8":"product_tag-harntreibend","9":"product_shipping_class-paket","11":"first","12":"instock","13":"taxable","14":"shipping-taxable","15":"purchasable","16":"product-type-simple"},"_links":{"self":[{"href":"https:\/\/shop.mittgard.de\/index.php?rest_route=\/wp\/v2\/product\/602","targetHints":{"allow":["GET"]}}],"collection":[{"href":"https:\/\/shop.mittgard.de\/index.php?rest_route=\/wp\/v2\/product"}],"about":[{"href":"https:\/\/shop.mittgard.de\/index.php?rest_route=\/wp\/v2\/types\/product"}],"wp:featuredmedia":[{"embeddable":true,"href":"https:\/\/shop.mittgard.de\/index.php?rest_route=\/wp\/v2\/media\/6873"}],"wp:attachment":[{"href":"https:\/\/shop.mittgard.de\/index.php?rest_route=%2Fwp%2Fv2%2Fmedia&parent=602"}],"wp:term":[{"taxonomy":"product_brand","embeddable":true,"href":"https:\/\/shop.mittgard.de\/index.php?rest_route=%2Fwp%2Fv2%2Fproduct_brand&post=602"},{"taxonomy":"product_cat","embeddable":true,"href":"https:\/\/shop.mittgard.de\/index.php?rest_route=%2Fwp%2Fv2%2Fproduct_cat&post=602"},{"taxonomy":"product_tag","embeddable":true,"href":"https:\/\/shop.mittgard.de\/index.php?rest_route=%2Fwp%2Fv2%2Fproduct_tag&post=602"}],"curies":[{"name":"wp","href":"https:\/\/api.w.org\/{rel}","templated":true}]}}