{"id":607,"date":"2018-03-07T00:39:43","date_gmt":"2018-03-06T23:39:43","guid":{"rendered":"http:\/\/shop.mittgard.de\/?product=import-placeholder-for-22"},"modified":"2026-03-25T10:09:34","modified_gmt":"2026-03-25T09:09:34","slug":"eiche-100g","status":"publish","type":"product","link":"https:\/\/shop.mittgard.de\/?product=eiche-100g","title":{"rendered":"Eiche, Rinde, geschrotet (100g)"},"content":{"rendered":"<p>Rinde, geschrotet<\/p>\n<p>zum Gurgeln bei Zahnfleisch- &amp; Mundschleimhautentz\u00fcndung, als Bad bei Fu\u00dfschwei\u00df &amp; zur erg\u00e4nzenden Behandlung von Frostbeulen &amp; Analfissuren<\/p>\n","protected":false},"excerpt":{"rendered":"<p>Rinde, geschrotet zum Gurgeln bei Zahnfleisch- &amp; Mundschleimhautentz\u00fcndung, als Bad bei Fu\u00dfschwei\u00df &amp; zur erg\u00e4nzenden Behandlung von Frostbeulen &amp; Analfissuren<\/p>\n","protected":false},"featured_media":1118,"template":"","meta":[],"product_brand":[],"product_cat":[17,16],"product_tag":[81,69],"class_list":{"0":"post-607","1":"product","2":"type-product","3":"status-publish","4":"has-post-thumbnail","6":"product_cat-arzneikraeuter","7":"product_cat-kraeuter","8":"product_tag-entzuendungshemmend","9":"product_tag-schweisshemmend","10":"product_shipping_class-paket","12":"first","13":"instock","14":"taxable","15":"shipping-taxable","16":"purchasable","17":"product-type-simple"},"_links":{"self":[{"href":"https:\/\/shop.mittgard.de\/index.php?rest_route=\/wp\/v2\/product\/607","targetHints":{"allow":["GET"]}}],"collection":[{"href":"https:\/\/shop.mittgard.de\/index.php?rest_route=\/wp\/v2\/product"}],"about":[{"href":"https:\/\/shop.mittgard.de\/index.php?rest_route=\/wp\/v2\/types\/product"}],"wp:featuredmedia":[{"embeddable":true,"href":"https:\/\/shop.mittgard.de\/index.php?rest_route=\/wp\/v2\/media\/1118"}],"wp:attachment":[{"href":"https:\/\/shop.mittgard.de\/index.php?rest_route=%2Fwp%2Fv2%2Fmedia&parent=607"}],"wp:term":[{"taxonomy":"product_brand","embeddable":true,"href":"https:\/\/shop.mittgard.de\/index.php?rest_route=%2Fwp%2Fv2%2Fproduct_brand&post=607"},{"taxonomy":"product_cat","embeddable":true,"href":"https:\/\/shop.mittgard.de\/index.php?rest_route=%2Fwp%2Fv2%2Fproduct_cat&post=607"},{"taxonomy":"product_tag","embeddable":true,"href":"https:\/\/shop.mittgard.de\/index.php?rest_route=%2Fwp%2Fv2%2Fproduct_tag&post=607"}],"curies":[{"name":"wp","href":"https:\/\/api.w.org\/{rel}","templated":true}]}}