{"id":608,"date":"2018-03-07T00:39:43","date_gmt":"2018-03-06T23:39:43","guid":{"rendered":"http:\/\/shop.mittgard.de\/?product=import-placeholder-for-23"},"modified":"2026-03-25T10:10:35","modified_gmt":"2026-03-25T09:10:35","slug":"enzian-50g","status":"publish","type":"product","link":"https:\/\/shop.mittgard.de\/?product=enzian-50g","title":{"rendered":"Enzian, Wurzel, geschnitten (50g)"},"content":{"rendered":"<p>Wurzel, geschnitten<\/p>\n<p>bei Appetitlosigkeit, Verdauungsbeschwerden wie Bl\u00e4hungen &amp; V\u00f6llegef\u00fchl, nicht anwenden bei Magen- &amp; Zw\u00f6lffingerdarmgeschw\u00fcren<\/p>\n<blockquote>\n<pre class=\"western\"><span style=\"font-family: CloisterBlack BT; font-size: 12pt;\">Die aller gebreuchlichst wurzel in Germania<\/span>\r\n<span style=\"font-family: CloisterBlack BT; font-size: 12pt;\">ist Entian<\/span>\r\n\r\n<span style=\"font-family: CloisterBlack BT; font-size: 12pt;\">So weiss der gemein man kein besseren Tiriak oder magenartznei<\/span>\r\n<span style=\"font-family: CloisterBlack BT; font-size: 12pt;\">als eben den Entian.<\/span>\r\n\r\n<span style=\"font-family: CloisterBlack BT; font-size: 12pt;\">Dann was sie innerlich presten im leib und magen f\u00fclen<\/span>\r\n<span style=\"font-family: CloisterBlack BT; font-size: 12pt;\">vertreiben sie mit Entian<\/span>\r\n<span style=\"font-family: CloisterBlack BT; font-size: 12pt;\">Calmus<\/span>\r\n<span style=\"font-family: CloisterBlack BT; font-size: 12pt;\">oder mit Ingwer<\/span>\r\n\r\n<span style=\"font-family: CloisterBlack BT; font-size: 12pt;\">anno 1557 Hieronymus Bock\r\n\r\n<\/span><\/pre>\n<pre><span style=\"font-family: georgia, palatino, serif; font-size: 14pt;\"><strong>Magenbitter<\/strong>\r\n\r\n1 Handvoll Angelikawurzel\r\n1 Handvoll Enzianwurzel\r\n1 Handvoll Wermutkraut\r\n1 Handvoll Kalmuswurzel\r\n1 Zimtstange\r\n1 l Branntwein oder Obstler\r\n\r\nDas Ganze 2 - 3 Wochen ziehen lassen &amp; gelegentlich \r\nsch\u00fctteln; dann abseihen &amp; abf\u00fcllen in Tropfflaschen; 20 - 30\r\nTropfen vor dem Essen einnehmen.<\/span><\/pre>\n<\/blockquote>\n","protected":false},"excerpt":{"rendered":"<p>Wurzel, geschnitten bei Appetitlosigkeit, Verdauungsbeschwerden wie Bl\u00e4hungen &amp; V\u00f6llegef\u00fchl, nicht anwenden bei Magen- &amp; Zw\u00f6lffingerdarmgeschw\u00fcren Die aller gebreuchlichst wurzel in Germania ist Entian So weiss der gemein man kein besseren Tiriak oder magenartznei als eben den Entian. Dann was sie innerlich presten im leib und magen f\u00fclen vertreiben sie mit Entian Calmus oder mit Ingwer &hellip; <\/p>\n<p class=\"link-more\"><a href=\"https:\/\/shop.mittgard.de\/?product=enzian-50g\" class=\"more-link\"><span class=\"screen-reader-text\">\u201eEnzian, Wurzel, geschnitten (50g)\u201c <\/span>weiterlesen<\/a><\/p>\n","protected":false},"featured_media":11222,"template":"","meta":[],"product_brand":[],"product_cat":[17,16],"product_tag":[74],"class_list":{"0":"post-608","1":"product","2":"type-product","3":"status-publish","4":"has-post-thumbnail","6":"product_cat-arzneikraeuter","7":"product_cat-kraeuter","8":"product_tag-appetitanregend","9":"product_shipping_class-paket","11":"first","12":"instock","13":"taxable","14":"shipping-taxable","15":"purchasable","16":"product-type-simple"},"_links":{"self":[{"href":"https:\/\/shop.mittgard.de\/index.php?rest_route=\/wp\/v2\/product\/608","targetHints":{"allow":["GET"]}}],"collection":[{"href":"https:\/\/shop.mittgard.de\/index.php?rest_route=\/wp\/v2\/product"}],"about":[{"href":"https:\/\/shop.mittgard.de\/index.php?rest_route=\/wp\/v2\/types\/product"}],"wp:featuredmedia":[{"embeddable":true,"href":"https:\/\/shop.mittgard.de\/index.php?rest_route=\/wp\/v2\/media\/11222"}],"wp:attachment":[{"href":"https:\/\/shop.mittgard.de\/index.php?rest_route=%2Fwp%2Fv2%2Fmedia&parent=608"}],"wp:term":[{"taxonomy":"product_brand","embeddable":true,"href":"https:\/\/shop.mittgard.de\/index.php?rest_route=%2Fwp%2Fv2%2Fproduct_brand&post=608"},{"taxonomy":"product_cat","embeddable":true,"href":"https:\/\/shop.mittgard.de\/index.php?rest_route=%2Fwp%2Fv2%2Fproduct_cat&post=608"},{"taxonomy":"product_tag","embeddable":true,"href":"https:\/\/shop.mittgard.de\/index.php?rest_route=%2Fwp%2Fv2%2Fproduct_tag&post=608"}],"curies":[{"name":"wp","href":"https:\/\/api.w.org\/{rel}","templated":true}]}}