{"id":6083,"date":"2018-12-03T15:48:14","date_gmt":"2018-12-03T14:48:14","guid":{"rendered":"http:\/\/shop.mittgard.de\/?post_type=product&#038;p=6083"},"modified":"2026-01-14T14:37:43","modified_gmt":"2026-01-14T13:37:43","slug":"wohlleben-reich-weisst-du-wo-die-baumkinder-sind","status":"publish","type":"product","link":"https:\/\/shop.mittgard.de\/?product=wohlleben-reich-weisst-du-wo-die-baumkinder-sind","title":{"rendered":"Wohlleben\/Reich &#8222;Wei\u00dft du wo die Baumkinder sind?&#8220;"},"content":{"rendered":"<p>Wo wohnen wohl die Baumkinder?<\/p>\n<p>Das m\u00f6chte Piet, das kleine Eichh\u00f6rnchen, so gerne wissen. Und warum m\u00fcssen Menschen sich nicht vor W\u00f6lfen f\u00fcrchten? F\u00f6rster Peter nimmt ihn mit auf eine abenteuerliche Wanderung durch den Wald. Unterwegs \u00fcbernachten sie im Freien, beobachten, wie Nadelb\u00e4ume gerodet werden, und treffen wirklich einen Wolf! Doch werden sie die Baumkinder mit ihren Eltern finden? Und gibt es auch f\u00fcr Piet eine Familie, in der er bleiben kann?<\/p>\n<p>Das erste Bilderbuch von Bestsellerautor Peter Wohlleben: Eine warmherzige Geschichte, die Kindern Wald und Natur auf einzigartige Weise nahebringt.<\/p>\n<p>Gebundene Ausgabe, 32 Seiten<\/p>\n","protected":false},"excerpt":{"rendered":"<p>Geb<\/p>\n","protected":false},"featured_media":6084,"template":"","meta":[],"product_brand":[],"product_cat":[197,185],"product_tag":[651,252,243,447],"class_list":{"0":"post-6083","1":"product","2":"type-product","3":"status-publish","4":"has-post-thumbnail","6":"product_cat-kinderbuecher","7":"product_cat-literatur","8":"product_tag-bilderbuch","9":"product_tag-kinder","10":"product_tag-natur","11":"product_tag-wald","12":"product_shipping_class-paket","14":"first","15":"instock","16":"taxable","17":"shipping-taxable","18":"purchasable","19":"product-type-simple"},"_links":{"self":[{"href":"https:\/\/shop.mittgard.de\/index.php?rest_route=\/wp\/v2\/product\/6083","targetHints":{"allow":["GET"]}}],"collection":[{"href":"https:\/\/shop.mittgard.de\/index.php?rest_route=\/wp\/v2\/product"}],"about":[{"href":"https:\/\/shop.mittgard.de\/index.php?rest_route=\/wp\/v2\/types\/product"}],"wp:featuredmedia":[{"embeddable":true,"href":"https:\/\/shop.mittgard.de\/index.php?rest_route=\/wp\/v2\/media\/6084"}],"wp:attachment":[{"href":"https:\/\/shop.mittgard.de\/index.php?rest_route=%2Fwp%2Fv2%2Fmedia&parent=6083"}],"wp:term":[{"taxonomy":"product_brand","embeddable":true,"href":"https:\/\/shop.mittgard.de\/index.php?rest_route=%2Fwp%2Fv2%2Fproduct_brand&post=6083"},{"taxonomy":"product_cat","embeddable":true,"href":"https:\/\/shop.mittgard.de\/index.php?rest_route=%2Fwp%2Fv2%2Fproduct_cat&post=6083"},{"taxonomy":"product_tag","embeddable":true,"href":"https:\/\/shop.mittgard.de\/index.php?rest_route=%2Fwp%2Fv2%2Fproduct_tag&post=6083"}],"curies":[{"name":"wp","href":"https:\/\/api.w.org\/{rel}","templated":true}]}}