{"id":611,"date":"2018-03-07T00:39:44","date_gmt":"2018-03-06T23:39:44","guid":{"rendered":"http:\/\/shop.mittgard.de\/?product=import-placeholder-for-26"},"modified":"2026-03-25T10:14:22","modified_gmt":"2026-03-25T09:14:22","slug":"fenchel-100g","status":"publish","type":"product","link":"https:\/\/shop.mittgard.de\/?product=fenchel-100g","title":{"rendered":"Fenchel, Samen, braun, ganz (100g)"},"content":{"rendered":"<p>braun, bitter, Samen, ganz<\/p>\n<p>bei Verdauungsbeschwerden wie leichte krampfartige Magen-Darm-Beschwerden, V\u00f6llegef\u00fchl &amp; Bl\u00e4hungen, sowie Katarrhe der oberen Luftwege<\/p>\n","protected":false},"excerpt":{"rendered":"<p>braun, bitter, Samen, ganz bei Verdauungsbeschwerden wie leichte krampfartige Magen-Darm-Beschwerden, V\u00f6llegef\u00fchl &amp; Bl\u00e4hungen, sowie Katarrhe der oberen Luftwege<\/p>\n","protected":false},"featured_media":1887,"template":"","meta":[],"product_brand":[],"product_cat":[17,16],"product_tag":[68,71],"class_list":{"0":"post-611","1":"product","2":"type-product","3":"status-publish","4":"has-post-thumbnail","6":"product_cat-arzneikraeuter","7":"product_cat-kraeuter","8":"product_tag-hustentee","9":"product_tag-magentee","10":"product_shipping_class-paket","12":"first","13":"onbackorder","14":"taxable","15":"shipping-taxable","16":"purchasable","17":"product-type-simple"},"_links":{"self":[{"href":"https:\/\/shop.mittgard.de\/index.php?rest_route=\/wp\/v2\/product\/611","targetHints":{"allow":["GET"]}}],"collection":[{"href":"https:\/\/shop.mittgard.de\/index.php?rest_route=\/wp\/v2\/product"}],"about":[{"href":"https:\/\/shop.mittgard.de\/index.php?rest_route=\/wp\/v2\/types\/product"}],"wp:featuredmedia":[{"embeddable":true,"href":"https:\/\/shop.mittgard.de\/index.php?rest_route=\/wp\/v2\/media\/1887"}],"wp:attachment":[{"href":"https:\/\/shop.mittgard.de\/index.php?rest_route=%2Fwp%2Fv2%2Fmedia&parent=611"}],"wp:term":[{"taxonomy":"product_brand","embeddable":true,"href":"https:\/\/shop.mittgard.de\/index.php?rest_route=%2Fwp%2Fv2%2Fproduct_brand&post=611"},{"taxonomy":"product_cat","embeddable":true,"href":"https:\/\/shop.mittgard.de\/index.php?rest_route=%2Fwp%2Fv2%2Fproduct_cat&post=611"},{"taxonomy":"product_tag","embeddable":true,"href":"https:\/\/shop.mittgard.de\/index.php?rest_route=%2Fwp%2Fv2%2Fproduct_tag&post=611"}],"curies":[{"name":"wp","href":"https:\/\/api.w.org\/{rel}","templated":true}]}}