{"id":6135,"date":"2018-12-06T13:51:40","date_gmt":"2018-12-06T12:51:40","guid":{"rendered":"http:\/\/shop.mittgard.de\/?post_type=product&#038;p=6135"},"modified":"2024-12-14T16:06:16","modified_gmt":"2024-12-14T15:06:16","slug":"aeth-oel-krauseminze","status":"publish","type":"product","link":"https:\/\/shop.mittgard.de\/?product=aeth-oel-krauseminze","title":{"rendered":"\u00e4th. \u00d6l &#8222;Krauseminze&#8220; 10 ml"},"content":{"rendered":"<p>energiespendend, konzentrationsf\u00f6rdernd, inspirierend, extrem scharf &#8211; erfrischend, wie Kaugummi, zur Raumluftverbesserung<\/p>\n","protected":false},"excerpt":{"rendered":"<p>energiespendend, konzentrationsf\u00f6rdernd, inspirierend, extrem scharf &#8211; erfrischend, wie Kaugummi, zur Raumluftverbesserung<\/p>\n","protected":false},"featured_media":6136,"template":"","meta":[],"product_brand":[],"product_cat":[664,56],"product_tag":[100,678,167],"class_list":{"0":"post-6135","1":"product","2":"type-product","3":"status-publish","4":"has-post-thumbnail","6":"product_cat-oele","7":"product_cat-restekiste","8":"product_tag-erfrischend","9":"product_tag-kaugummi","10":"product_tag-konzentrationsfoerdernd","11":"product_shipping_class-paket","13":"first","14":"instock","15":"taxable","16":"shipping-taxable","17":"purchasable","18":"product-type-simple"},"_links":{"self":[{"href":"https:\/\/shop.mittgard.de\/index.php?rest_route=\/wp\/v2\/product\/6135","targetHints":{"allow":["GET"]}}],"collection":[{"href":"https:\/\/shop.mittgard.de\/index.php?rest_route=\/wp\/v2\/product"}],"about":[{"href":"https:\/\/shop.mittgard.de\/index.php?rest_route=\/wp\/v2\/types\/product"}],"wp:featuredmedia":[{"embeddable":true,"href":"https:\/\/shop.mittgard.de\/index.php?rest_route=\/wp\/v2\/media\/6136"}],"wp:attachment":[{"href":"https:\/\/shop.mittgard.de\/index.php?rest_route=%2Fwp%2Fv2%2Fmedia&parent=6135"}],"wp:term":[{"taxonomy":"product_brand","embeddable":true,"href":"https:\/\/shop.mittgard.de\/index.php?rest_route=%2Fwp%2Fv2%2Fproduct_brand&post=6135"},{"taxonomy":"product_cat","embeddable":true,"href":"https:\/\/shop.mittgard.de\/index.php?rest_route=%2Fwp%2Fv2%2Fproduct_cat&post=6135"},{"taxonomy":"product_tag","embeddable":true,"href":"https:\/\/shop.mittgard.de\/index.php?rest_route=%2Fwp%2Fv2%2Fproduct_tag&post=6135"}],"curies":[{"name":"wp","href":"https:\/\/api.w.org\/{rel}","templated":true}]}}