{"id":614,"date":"2018-03-07T00:39:44","date_gmt":"2018-03-06T23:39:44","guid":{"rendered":"http:\/\/shop.mittgard.de\/?product=import-placeholder-for-29"},"modified":"2026-03-25T10:13:22","modified_gmt":"2026-03-25T09:13:22","slug":"faerberginster-100g","status":"publish","type":"product","link":"https:\/\/shop.mittgard.de\/?product=faerberginster-100g","title":{"rendered":"F\u00e4rberginster, Kraut, geschnitten (100g)"},"content":{"rendered":"<p>Kraut, geschnitten<\/p>\n<p>zur Erh\u00f6hung der Harnmenge sowie zur unterst\u00fctzenden Behandlung bei Harngrie\u00df und zur Vorbeugung von Harnsteinen, nicht anwenden bei zu hohen Blutdruck, bei \u00dcberdosierung kann Durchfall auftreten<\/p>\n","protected":false},"excerpt":{"rendered":"<p>Kraut, geschnitten zur Erh\u00f6hung der Harnmenge sowie zur unterst\u00fctzenden Behandlung bei Harngrie\u00df und zur Vorbeugung von Harnsteinen, nicht anwenden bei zu hohen Blutdruck, bei \u00dcberdosierung kann Durchfall auftreten<\/p>\n","protected":false},"featured_media":1114,"template":"","meta":[],"product_brand":[],"product_cat":[17,16],"product_tag":[75],"class_list":{"0":"post-614","1":"product","2":"type-product","3":"status-publish","4":"has-post-thumbnail","6":"product_cat-arzneikraeuter","7":"product_cat-kraeuter","8":"product_tag-harntreibend","9":"product_shipping_class-paket","11":"first","12":"instock","13":"taxable","14":"shipping-taxable","15":"purchasable","16":"product-type-simple"},"_links":{"self":[{"href":"https:\/\/shop.mittgard.de\/index.php?rest_route=\/wp\/v2\/product\/614","targetHints":{"allow":["GET"]}}],"collection":[{"href":"https:\/\/shop.mittgard.de\/index.php?rest_route=\/wp\/v2\/product"}],"about":[{"href":"https:\/\/shop.mittgard.de\/index.php?rest_route=\/wp\/v2\/types\/product"}],"wp:featuredmedia":[{"embeddable":true,"href":"https:\/\/shop.mittgard.de\/index.php?rest_route=\/wp\/v2\/media\/1114"}],"wp:attachment":[{"href":"https:\/\/shop.mittgard.de\/index.php?rest_route=%2Fwp%2Fv2%2Fmedia&parent=614"}],"wp:term":[{"taxonomy":"product_brand","embeddable":true,"href":"https:\/\/shop.mittgard.de\/index.php?rest_route=%2Fwp%2Fv2%2Fproduct_brand&post=614"},{"taxonomy":"product_cat","embeddable":true,"href":"https:\/\/shop.mittgard.de\/index.php?rest_route=%2Fwp%2Fv2%2Fproduct_cat&post=614"},{"taxonomy":"product_tag","embeddable":true,"href":"https:\/\/shop.mittgard.de\/index.php?rest_route=%2Fwp%2Fv2%2Fproduct_tag&post=614"}],"curies":[{"name":"wp","href":"https:\/\/api.w.org\/{rel}","templated":true}]}}