{"id":617,"date":"2018-03-07T00:39:45","date_gmt":"2018-03-06T23:39:45","guid":{"rendered":"http:\/\/shop.mittgard.de\/?product=import-placeholder-for-32"},"modified":"2026-03-25T10:19:53","modified_gmt":"2026-03-25T09:19:53","slug":"hamamelis-zaubernuss-50g","status":"publish","type":"product","link":"https:\/\/shop.mittgard.de\/?product=hamamelis-zaubernuss-50g","title":{"rendered":"Hamamelis (Zaubernu\u00df), Bl\u00e4tter, geschnitten (50g)"},"content":{"rendered":"<p>Bl\u00e4tter, geschnitten<\/p>\n<p>zur Therapieunterst\u00fctzung von akuten, unspezifischen Durchfallerkrankungen, bei Mund &#8211; &amp; Rachenschleimhautentz\u00fcndung, bei empfindlichen Personen k\u00f6nnen Magenreizungen auftreten, \u00dcberdosierungen k\u00f6nnen Lebersch\u00e4den verursachen!<\/p>\n","protected":false},"excerpt":{"rendered":"<p>Bl\u00e4tter, geschnitten zur Therapieunterst\u00fctzung von akuten, unspezifischen Durchfallerkrankungen, bei Mund &#8211; &amp; Rachenschleimhautentz\u00fcndung, bei empfindlichen Personen k\u00f6nnen Magenreizungen auftreten, \u00dcberdosierungen k\u00f6nnen Lebersch\u00e4den verursachen!<\/p>\n","protected":false},"featured_media":23869,"template":"","meta":[],"product_brand":[],"product_cat":[17,16],"product_tag":[81,77],"class_list":{"0":"post-617","1":"product","2":"type-product","3":"status-publish","4":"has-post-thumbnail","6":"product_cat-arzneikraeuter","7":"product_cat-kraeuter","8":"product_tag-entzuendungshemmend","9":"product_tag-gegen-durchfall","10":"product_shipping_class-paket","12":"first","13":"instock","14":"taxable","15":"shipping-taxable","16":"purchasable","17":"product-type-simple"},"_links":{"self":[{"href":"https:\/\/shop.mittgard.de\/index.php?rest_route=\/wp\/v2\/product\/617","targetHints":{"allow":["GET"]}}],"collection":[{"href":"https:\/\/shop.mittgard.de\/index.php?rest_route=\/wp\/v2\/product"}],"about":[{"href":"https:\/\/shop.mittgard.de\/index.php?rest_route=\/wp\/v2\/types\/product"}],"wp:featuredmedia":[{"embeddable":true,"href":"https:\/\/shop.mittgard.de\/index.php?rest_route=\/wp\/v2\/media\/23869"}],"wp:attachment":[{"href":"https:\/\/shop.mittgard.de\/index.php?rest_route=%2Fwp%2Fv2%2Fmedia&parent=617"}],"wp:term":[{"taxonomy":"product_brand","embeddable":true,"href":"https:\/\/shop.mittgard.de\/index.php?rest_route=%2Fwp%2Fv2%2Fproduct_brand&post=617"},{"taxonomy":"product_cat","embeddable":true,"href":"https:\/\/shop.mittgard.de\/index.php?rest_route=%2Fwp%2Fv2%2Fproduct_cat&post=617"},{"taxonomy":"product_tag","embeddable":true,"href":"https:\/\/shop.mittgard.de\/index.php?rest_route=%2Fwp%2Fv2%2Fproduct_tag&post=617"}],"curies":[{"name":"wp","href":"https:\/\/api.w.org\/{rel}","templated":true}]}}