{"id":619,"date":"2018-03-07T00:39:45","date_gmt":"2018-03-06T23:39:45","guid":{"rendered":"http:\/\/shop.mittgard.de\/?product=import-placeholder-for-34"},"modified":"2026-03-25T10:22:39","modified_gmt":"2026-03-25T09:22:39","slug":"heidelbeere-50g","status":"publish","type":"product","link":"https:\/\/shop.mittgard.de\/?product=heidelbeere-50g","title":{"rendered":"Heidelbeere, Fr\u00fcchte, ganz (50g)"},"content":{"rendered":"<p>Fr\u00fcchte, ganz<\/p>\n<p>bei akuten, unspezifischen Durchfallerkrankungen<\/p>\n\r\n\t<a class=\"paoc-popup-click paoc-popup-cust-9115 paoc-popup-simple_link paoc-popup-link\" href=\"javascript:void(0);\">Geschichtliches samt Rezept<\/a>\r\n\r\n\n<pre class=\"western\"><span style=\"font-family: georgia, palatino, serif; font-size: 14pt;\"><strong>Mittel, um ein hohes Alter zu erreichen<\/strong>\r\n\r\nFolgendes Mittel ist von alten Leuten vielf\u00e4ltig erprobt \r\ngefunden worden,um sich eine gute Verdauung zu verschaffen:\r\n\r\nEs wird 1 Loth Zimmet,\r\n1 Quentchen Gew\u00fcrznelken und\r\n1 Viertelpfund wei\u00dfer Zucker gesto\u00dfen.\r\nDieses l\u00e4\u00dft man nebst 12 L\u00f6ffeln getrockneter\r\nHeidelbeeren mit 2 Bouteillen starkem Weingeist\r\nim Sommer einige Tage an der Sonne,\r\nim Winter am Ofen destillieren und\r\nsch\u00fcttele die Bouteille zuweilen.\r\n\r\n<b>laut \"6. und 7. Buch Mosis\"<\/b>\r\n\r\n1 Loth = 15,6 bis 17,5 Gramm\r\n1 Pinte = 2 Schoppen = 1 Liter\r\n1 Schoppen = 1 Sester = 1\/2 Liter\r\n1\/2 Sester = 1\/4 Liter\r\n1 Pfund = 16 Unzen = 500g\r\n1\/2 Pfund = 8 Unzen = 250g\r\n1 Unze = 8 Quentchen = 32g\r\n1 Quentchen = 72 Gran = 4g\r\n1 Skrupel = 26 Gran = 1,3g\r\n\r\n<b>Monika aus \u00d6sterreich war so lieb,\r\nuns die Ma\u00dfeinheiten zu mailen...<\/b><\/span><\/pre>\n","protected":false},"excerpt":{"rendered":"<p>Fr\u00fcchte, ganz bei akuten, unspezifischen Durchfallerkrankungen Mittel, um ein hohes Alter zu erreichen Folgendes Mittel ist von alten Leuten vielf\u00e4ltig erprobt gefunden worden,um sich eine gute Verdauung zu verschaffen: Es wird 1 Loth Zimmet, 1 Quentchen Gew\u00fcrznelken und 1 Viertelpfund wei\u00dfer Zucker gesto\u00dfen. Dieses l\u00e4\u00dft man nebst 12 L\u00f6ffeln getrockneter Heidelbeeren mit 2 Bouteillen starkem &hellip; <\/p>\n<p class=\"link-more\"><a href=\"https:\/\/shop.mittgard.de\/?product=heidelbeere-50g\" class=\"more-link\"><span class=\"screen-reader-text\">\u201eHeidelbeere, Fr\u00fcchte, ganz (50g)\u201c <\/span>weiterlesen<\/a><\/p>\n","protected":false},"featured_media":1111,"template":"","meta":[],"product_brand":[],"product_cat":[17,16],"product_tag":[77],"class_list":{"0":"post-619","1":"product","2":"type-product","3":"status-publish","4":"has-post-thumbnail","6":"product_cat-arzneikraeuter","7":"product_cat-kraeuter","8":"product_tag-gegen-durchfall","9":"product_shipping_class-paket","11":"first","12":"instock","13":"taxable","14":"shipping-taxable","15":"purchasable","16":"product-type-simple"},"_links":{"self":[{"href":"https:\/\/shop.mittgard.de\/index.php?rest_route=\/wp\/v2\/product\/619","targetHints":{"allow":["GET"]}}],"collection":[{"href":"https:\/\/shop.mittgard.de\/index.php?rest_route=\/wp\/v2\/product"}],"about":[{"href":"https:\/\/shop.mittgard.de\/index.php?rest_route=\/wp\/v2\/types\/product"}],"wp:featuredmedia":[{"embeddable":true,"href":"https:\/\/shop.mittgard.de\/index.php?rest_route=\/wp\/v2\/media\/1111"}],"wp:attachment":[{"href":"https:\/\/shop.mittgard.de\/index.php?rest_route=%2Fwp%2Fv2%2Fmedia&parent=619"}],"wp:term":[{"taxonomy":"product_brand","embeddable":true,"href":"https:\/\/shop.mittgard.de\/index.php?rest_route=%2Fwp%2Fv2%2Fproduct_brand&post=619"},{"taxonomy":"product_cat","embeddable":true,"href":"https:\/\/shop.mittgard.de\/index.php?rest_route=%2Fwp%2Fv2%2Fproduct_cat&post=619"},{"taxonomy":"product_tag","embeddable":true,"href":"https:\/\/shop.mittgard.de\/index.php?rest_route=%2Fwp%2Fv2%2Fproduct_tag&post=619"}],"curies":[{"name":"wp","href":"https:\/\/api.w.org\/{rel}","templated":true}]}}