{"id":6201,"date":"2018-12-12T13:59:48","date_gmt":"2018-12-12T12:59:48","guid":{"rendered":"http:\/\/shop.mittgard.de\/?post_type=product&#038;p=6201"},"modified":"2024-12-13T14:15:41","modified_gmt":"2024-12-13T13:15:41","slug":"2-holzrune-uruz","status":"publish","type":"product","link":"https:\/\/shop.mittgard.de\/?product=2-holzrune-uruz","title":{"rendered":"2. Holzrune &#8222;Uruz&#8220;"},"content":{"rendered":"<p>handgearbeitet aus Eschenholz, \u00d8 ca. 2 &#8211; 2,5 cm inklusive Lederband und einem Beiblatt mit allen Runenerkl\u00e4rungen.<\/p>\n<p>Uruz (U) hei\u00dft Ur und damit ist der Auerochse gemeint. Damit steht diese Rune f\u00fcr Kraft, Gesundheit und Durchhalteverm\u00f6gen. Eine wahre Kraftrune.<\/p>\n","protected":false},"excerpt":{"rendered":"<p>handgearbeitet aus Eschenholz, \u00d8 ca. 2 &#8211; 2,5 cm inklusive Lederband und einem Beiblatt mit allen Runenerkl\u00e4rungen. Uruz (U) hei\u00dft Ur und damit ist der Auerochse gemeint. Damit steht diese Rune f\u00fcr Kraft, Gesundheit und Durchhalteverm\u00f6gen. Eine wahre Kraftrune.<\/p>\n","protected":false},"featured_media":6202,"template":"","meta":[],"product_brand":[],"product_cat":[456,476,455],"product_tag":[559,266,561,691],"class_list":{"0":"post-6201","1":"product","2":"type-product","3":"status-publish","4":"has-post-thumbnail","6":"product_cat-germanen-wikinger","7":"product_cat-runen","8":"product_cat-schmuck","9":"product_tag-gesundheit","10":"product_tag-holz","11":"product_tag-kraft","12":"product_tag-rune","13":"product_shipping_class-brief","15":"first","16":"instock","17":"taxable","18":"shipping-taxable","19":"purchasable","20":"product-type-simple"},"_links":{"self":[{"href":"https:\/\/shop.mittgard.de\/index.php?rest_route=\/wp\/v2\/product\/6201","targetHints":{"allow":["GET"]}}],"collection":[{"href":"https:\/\/shop.mittgard.de\/index.php?rest_route=\/wp\/v2\/product"}],"about":[{"href":"https:\/\/shop.mittgard.de\/index.php?rest_route=\/wp\/v2\/types\/product"}],"wp:featuredmedia":[{"embeddable":true,"href":"https:\/\/shop.mittgard.de\/index.php?rest_route=\/wp\/v2\/media\/6202"}],"wp:attachment":[{"href":"https:\/\/shop.mittgard.de\/index.php?rest_route=%2Fwp%2Fv2%2Fmedia&parent=6201"}],"wp:term":[{"taxonomy":"product_brand","embeddable":true,"href":"https:\/\/shop.mittgard.de\/index.php?rest_route=%2Fwp%2Fv2%2Fproduct_brand&post=6201"},{"taxonomy":"product_cat","embeddable":true,"href":"https:\/\/shop.mittgard.de\/index.php?rest_route=%2Fwp%2Fv2%2Fproduct_cat&post=6201"},{"taxonomy":"product_tag","embeddable":true,"href":"https:\/\/shop.mittgard.de\/index.php?rest_route=%2Fwp%2Fv2%2Fproduct_tag&post=6201"}],"curies":[{"name":"wp","href":"https:\/\/api.w.org\/{rel}","templated":true}]}}