{"id":6203,"date":"2018-12-12T14:04:07","date_gmt":"2018-12-12T13:04:07","guid":{"rendered":"http:\/\/shop.mittgard.de\/?post_type=product&#038;p=6203"},"modified":"2024-12-13T14:18:24","modified_gmt":"2024-12-13T13:18:24","slug":"3-holzrune-thurisaz","status":"publish","type":"product","link":"https:\/\/shop.mittgard.de\/?product=3-holzrune-thurisaz","title":{"rendered":"3. Holzrune &#8222;Thurisaz&#8220;"},"content":{"rendered":"<p>handgearbeitet aus Eschenholz, \u00d8 ca. 2 &#8211; 2,5 cm inklusive Lederband und einem Beiblatt mit allen Runenerkl\u00e4rungen.<\/p>\n<p>Thurisaz (Th) hei\u00dft Thurse, also Riese. Damit steht die Rune f\u00fcr zerst\u00f6rerische Kr\u00e4fte und Chaos. Kann aber kontrolliert auch zur aktiven Verteidigung eingesetzt werden.<\/p>\n","protected":false},"excerpt":{"rendered":"<p>handgearbeitet aus Eschenholz, \u00d8 ca. 2 &#8211; 2,5 cm inklusive Lederband und einem Beiblatt mit allen Runenerkl\u00e4rungen. Thurisaz (Th) hei\u00dft Thurse, also Riese. Damit steht die Rune f\u00fcr zerst\u00f6rerische Kr\u00e4fte und Chaos. Kann aber kontrolliert auch zur aktiven Verteidigung eingesetzt werden.<\/p>\n","protected":false},"featured_media":6204,"template":"","meta":[],"product_brand":[],"product_cat":[456,476,455],"product_tag":[695,266,694,691],"class_list":{"0":"post-6203","1":"product","2":"type-product","3":"status-publish","4":"has-post-thumbnail","6":"product_cat-germanen-wikinger","7":"product_cat-runen","8":"product_cat-schmuck","9":"product_tag-chaos","10":"product_tag-holz","11":"product_tag-riese","12":"product_tag-rune","13":"product_shipping_class-brief","15":"first","16":"instock","17":"taxable","18":"shipping-taxable","19":"purchasable","20":"product-type-simple"},"_links":{"self":[{"href":"https:\/\/shop.mittgard.de\/index.php?rest_route=\/wp\/v2\/product\/6203","targetHints":{"allow":["GET"]}}],"collection":[{"href":"https:\/\/shop.mittgard.de\/index.php?rest_route=\/wp\/v2\/product"}],"about":[{"href":"https:\/\/shop.mittgard.de\/index.php?rest_route=\/wp\/v2\/types\/product"}],"wp:featuredmedia":[{"embeddable":true,"href":"https:\/\/shop.mittgard.de\/index.php?rest_route=\/wp\/v2\/media\/6204"}],"wp:attachment":[{"href":"https:\/\/shop.mittgard.de\/index.php?rest_route=%2Fwp%2Fv2%2Fmedia&parent=6203"}],"wp:term":[{"taxonomy":"product_brand","embeddable":true,"href":"https:\/\/shop.mittgard.de\/index.php?rest_route=%2Fwp%2Fv2%2Fproduct_brand&post=6203"},{"taxonomy":"product_cat","embeddable":true,"href":"https:\/\/shop.mittgard.de\/index.php?rest_route=%2Fwp%2Fv2%2Fproduct_cat&post=6203"},{"taxonomy":"product_tag","embeddable":true,"href":"https:\/\/shop.mittgard.de\/index.php?rest_route=%2Fwp%2Fv2%2Fproduct_tag&post=6203"}],"curies":[{"name":"wp","href":"https:\/\/api.w.org\/{rel}","templated":true}]}}