{"id":6207,"date":"2018-12-12T14:18:40","date_gmt":"2018-12-12T13:18:40","guid":{"rendered":"http:\/\/shop.mittgard.de\/?post_type=product&#038;p=6207"},"modified":"2024-12-13T14:19:12","modified_gmt":"2024-12-13T13:19:12","slug":"5-holzrune-raido","status":"publish","type":"product","link":"https:\/\/shop.mittgard.de\/?product=5-holzrune-raido","title":{"rendered":"5. Holzrune &#8222;Raido&#8220;"},"content":{"rendered":"<p>handgearbeitet aus Eschenholz, \u00d8 ca. 2 &#8211; 2,5 cm inklusive Lederband und einem Beiblatt mit allen Runenerkl\u00e4rungen.<\/p>\n<p>Raido (R) hei\u00dft Rad bzw. Reise. Sie steht f\u00fcr die Reise durch das Leben bzw. die Entwicklung, die man macht.<\/p>\n","protected":false},"excerpt":{"rendered":"<p>handgearbeitet aus Eschenholz, \u00d8 ca. 2 &#8211; 2,5 cm inklusive Lederband und einem Beiblatt mit allen Runenerkl\u00e4rungen. Raido (R) hei\u00dft Rad bzw. Reise. Sie steht f\u00fcr die Reise durch das Leben bzw. die Entwicklung, die man macht.<\/p>\n","protected":false},"featured_media":6208,"template":"","meta":[],"product_brand":[],"product_cat":[456,476,455],"product_tag":[693,266,692,691],"class_list":{"0":"post-6207","1":"product","2":"type-product","3":"status-publish","4":"has-post-thumbnail","6":"product_cat-germanen-wikinger","7":"product_cat-runen","8":"product_cat-schmuck","9":"product_tag-entwicklung","10":"product_tag-holz","11":"product_tag-reise","12":"product_tag-rune","13":"product_shipping_class-brief","15":"first","16":"instock","17":"taxable","18":"shipping-taxable","19":"purchasable","20":"product-type-simple"},"_links":{"self":[{"href":"https:\/\/shop.mittgard.de\/index.php?rest_route=\/wp\/v2\/product\/6207","targetHints":{"allow":["GET"]}}],"collection":[{"href":"https:\/\/shop.mittgard.de\/index.php?rest_route=\/wp\/v2\/product"}],"about":[{"href":"https:\/\/shop.mittgard.de\/index.php?rest_route=\/wp\/v2\/types\/product"}],"wp:featuredmedia":[{"embeddable":true,"href":"https:\/\/shop.mittgard.de\/index.php?rest_route=\/wp\/v2\/media\/6208"}],"wp:attachment":[{"href":"https:\/\/shop.mittgard.de\/index.php?rest_route=%2Fwp%2Fv2%2Fmedia&parent=6207"}],"wp:term":[{"taxonomy":"product_brand","embeddable":true,"href":"https:\/\/shop.mittgard.de\/index.php?rest_route=%2Fwp%2Fv2%2Fproduct_brand&post=6207"},{"taxonomy":"product_cat","embeddable":true,"href":"https:\/\/shop.mittgard.de\/index.php?rest_route=%2Fwp%2Fv2%2Fproduct_cat&post=6207"},{"taxonomy":"product_tag","embeddable":true,"href":"https:\/\/shop.mittgard.de\/index.php?rest_route=%2Fwp%2Fv2%2Fproduct_tag&post=6207"}],"curies":[{"name":"wp","href":"https:\/\/api.w.org\/{rel}","templated":true}]}}