{"id":621,"date":"2018-03-07T00:39:45","date_gmt":"2018-03-06T23:39:45","guid":{"rendered":"http:\/\/shop.mittgard.de\/?product=import-placeholder-for-36"},"modified":"2026-03-25T10:24:21","modified_gmt":"2026-03-25T09:24:21","slug":"holunderblueten-100g","status":"publish","type":"product","link":"https:\/\/shop.mittgard.de\/?product=holunderblueten-100g","title":{"rendered":"Holunderbl\u00fcten, Bl\u00fcten, gerebelt (100g)"},"content":{"rendered":"<p>Bl\u00fcten, gerebelt<\/p>\n<p>schwei\u00dftreibendes Mittel bei der Behandlung von fieberhaften Erk\u00e4ltungskrankheiten<\/p>\n\r\n\t<a class=\"paoc-popup-click paoc-popup-cust-7337 paoc-popup-simple_link paoc-popup-link\" href=\"javascript:void(0);\">Geschichtliches samt Rezept<\/a>\r\n\r\n\n","protected":false},"excerpt":{"rendered":"<p>Bl\u00fcten, gerebelt schwei\u00dftreibendes Mittel bei der Behandlung von fieberhaften Erk\u00e4ltungskrankheiten<\/p>\n","protected":false},"featured_media":1611,"template":"","meta":[],"product_brand":[],"product_cat":[17,16],"product_tag":[79,78],"class_list":{"0":"post-621","1":"product","2":"type-product","3":"status-publish","4":"has-post-thumbnail","6":"product_cat-arzneikraeuter","7":"product_cat-kraeuter","8":"product_tag-erkaeltungstee","9":"product_tag-schweisstreibend","10":"product_shipping_class-paket","12":"first","13":"instock","14":"taxable","15":"shipping-taxable","16":"purchasable","17":"product-type-simple"},"_links":{"self":[{"href":"https:\/\/shop.mittgard.de\/index.php?rest_route=\/wp\/v2\/product\/621","targetHints":{"allow":["GET"]}}],"collection":[{"href":"https:\/\/shop.mittgard.de\/index.php?rest_route=\/wp\/v2\/product"}],"about":[{"href":"https:\/\/shop.mittgard.de\/index.php?rest_route=\/wp\/v2\/types\/product"}],"wp:featuredmedia":[{"embeddable":true,"href":"https:\/\/shop.mittgard.de\/index.php?rest_route=\/wp\/v2\/media\/1611"}],"wp:attachment":[{"href":"https:\/\/shop.mittgard.de\/index.php?rest_route=%2Fwp%2Fv2%2Fmedia&parent=621"}],"wp:term":[{"taxonomy":"product_brand","embeddable":true,"href":"https:\/\/shop.mittgard.de\/index.php?rest_route=%2Fwp%2Fv2%2Fproduct_brand&post=621"},{"taxonomy":"product_cat","embeddable":true,"href":"https:\/\/shop.mittgard.de\/index.php?rest_route=%2Fwp%2Fv2%2Fproduct_cat&post=621"},{"taxonomy":"product_tag","embeddable":true,"href":"https:\/\/shop.mittgard.de\/index.php?rest_route=%2Fwp%2Fv2%2Fproduct_tag&post=621"}],"curies":[{"name":"wp","href":"https:\/\/api.w.org\/{rel}","templated":true}]}}