{"id":6211,"date":"2018-12-12T14:27:46","date_gmt":"2018-12-12T13:27:46","guid":{"rendered":"http:\/\/shop.mittgard.de\/?post_type=product&#038;p=6211"},"modified":"2024-12-13T14:20:10","modified_gmt":"2024-12-13T13:20:10","slug":"7-holzrune-gebo","status":"publish","type":"product","link":"https:\/\/shop.mittgard.de\/?product=7-holzrune-gebo","title":{"rendered":"7.Holzrune &#8222;Gebo&#8220;"},"content":{"rendered":"<p>handgearbeitet aus Eschenholz, \u00d8 ca. 2 &#8211; 2,5 cm inklusive Lederband und einem Beiblatt mit allen Runenerkl\u00e4rungen.<\/p>\n<p>Gebo (G) ist die Gabe, das Geschenk. Damit steht die Rune f\u00fcr das harmonische Geben und Nehmen, einem friedlichen Miteinander unter den Menschen.<\/p>\n","protected":false},"excerpt":{"rendered":"<p>handgearbeitet aus Eschenholz, \u00d8 ca. 2 &#8211; 2,5 cm inklusive Lederband und einem Beiblatt mit allen Runenerkl\u00e4rungen. Gebo (G) ist die Gabe, das Geschenk. Damit steht die Rune f\u00fcr das harmonische Geben und Nehmen, einem friedlichen Miteinander unter den Menschen.<\/p>\n","protected":false},"featured_media":6212,"template":"","meta":[],"product_brand":[],"product_cat":[456,476,455],"product_tag":[594,266,691],"class_list":{"0":"post-6211","1":"product","2":"type-product","3":"status-publish","4":"has-post-thumbnail","6":"product_cat-germanen-wikinger","7":"product_cat-runen","8":"product_cat-schmuck","9":"product_tag-geschenk","10":"product_tag-holz","11":"product_tag-rune","12":"product_shipping_class-brief","14":"first","15":"instock","16":"taxable","17":"shipping-taxable","18":"purchasable","19":"product-type-simple"},"_links":{"self":[{"href":"https:\/\/shop.mittgard.de\/index.php?rest_route=\/wp\/v2\/product\/6211","targetHints":{"allow":["GET"]}}],"collection":[{"href":"https:\/\/shop.mittgard.de\/index.php?rest_route=\/wp\/v2\/product"}],"about":[{"href":"https:\/\/shop.mittgard.de\/index.php?rest_route=\/wp\/v2\/types\/product"}],"wp:featuredmedia":[{"embeddable":true,"href":"https:\/\/shop.mittgard.de\/index.php?rest_route=\/wp\/v2\/media\/6212"}],"wp:attachment":[{"href":"https:\/\/shop.mittgard.de\/index.php?rest_route=%2Fwp%2Fv2%2Fmedia&parent=6211"}],"wp:term":[{"taxonomy":"product_brand","embeddable":true,"href":"https:\/\/shop.mittgard.de\/index.php?rest_route=%2Fwp%2Fv2%2Fproduct_brand&post=6211"},{"taxonomy":"product_cat","embeddable":true,"href":"https:\/\/shop.mittgard.de\/index.php?rest_route=%2Fwp%2Fv2%2Fproduct_cat&post=6211"},{"taxonomy":"product_tag","embeddable":true,"href":"https:\/\/shop.mittgard.de\/index.php?rest_route=%2Fwp%2Fv2%2Fproduct_tag&post=6211"}],"curies":[{"name":"wp","href":"https:\/\/api.w.org\/{rel}","templated":true}]}}