{"id":6213,"date":"2018-12-12T14:30:22","date_gmt":"2018-12-12T13:30:22","guid":{"rendered":"http:\/\/shop.mittgard.de\/?post_type=product&#038;p=6213"},"modified":"2024-12-13T14:20:35","modified_gmt":"2024-12-13T13:20:35","slug":"8-holzrune-wunjo","status":"publish","type":"product","link":"https:\/\/shop.mittgard.de\/?product=8-holzrune-wunjo","title":{"rendered":"8. Holzrune &#8222;Wunjo&#8220;"},"content":{"rendered":"<p>handgearbeitet aus Eschenholz, \u00d8 ca. 2 &#8211; 2,5 cm inklusive Lederband und einem Beiblatt mit allen Runenerkl\u00e4rungen.<\/p>\n<p>Wunjo (W) hei\u00dft Wonne, Freude. Alles ist in perfekter Harmonie, alle W\u00fcnschen sind erf\u00fcllt. Sie ist die Rune des Gl\u00fccks und des Friedens.<\/p>\n","protected":false},"excerpt":{"rendered":"<p>handgearbeitet aus Eschenholz, \u00d8 ca. 2 &#8211; 2,5 cm inklusive Lederband und einem Beiblatt mit allen Runenerkl\u00e4rungen. Wunjo (W) hei\u00dft Wonne, Freude. Alles ist in perfekter Harmonie, alle W\u00fcnschen sind erf\u00fcllt. Sie ist die Rune des Gl\u00fccks und des Friedens.<\/p>\n","protected":false},"featured_media":6214,"template":"","meta":[],"product_brand":[],"product_cat":[456,476,455],"product_tag":[515,266,691],"class_list":{"0":"post-6213","1":"product","2":"type-product","3":"status-publish","4":"has-post-thumbnail","6":"product_cat-germanen-wikinger","7":"product_cat-runen","8":"product_cat-schmuck","9":"product_tag-glueck","10":"product_tag-holz","11":"product_tag-rune","12":"product_shipping_class-brief","14":"first","15":"instock","16":"taxable","17":"shipping-taxable","18":"purchasable","19":"product-type-simple"},"_links":{"self":[{"href":"https:\/\/shop.mittgard.de\/index.php?rest_route=\/wp\/v2\/product\/6213","targetHints":{"allow":["GET"]}}],"collection":[{"href":"https:\/\/shop.mittgard.de\/index.php?rest_route=\/wp\/v2\/product"}],"about":[{"href":"https:\/\/shop.mittgard.de\/index.php?rest_route=\/wp\/v2\/types\/product"}],"wp:featuredmedia":[{"embeddable":true,"href":"https:\/\/shop.mittgard.de\/index.php?rest_route=\/wp\/v2\/media\/6214"}],"wp:attachment":[{"href":"https:\/\/shop.mittgard.de\/index.php?rest_route=%2Fwp%2Fv2%2Fmedia&parent=6213"}],"wp:term":[{"taxonomy":"product_brand","embeddable":true,"href":"https:\/\/shop.mittgard.de\/index.php?rest_route=%2Fwp%2Fv2%2Fproduct_brand&post=6213"},{"taxonomy":"product_cat","embeddable":true,"href":"https:\/\/shop.mittgard.de\/index.php?rest_route=%2Fwp%2Fv2%2Fproduct_cat&post=6213"},{"taxonomy":"product_tag","embeddable":true,"href":"https:\/\/shop.mittgard.de\/index.php?rest_route=%2Fwp%2Fv2%2Fproduct_tag&post=6213"}],"curies":[{"name":"wp","href":"https:\/\/api.w.org\/{rel}","templated":true}]}}