{"id":6215,"date":"2018-12-12T14:38:39","date_gmt":"2018-12-12T13:38:39","guid":{"rendered":"http:\/\/shop.mittgard.de\/?post_type=product&#038;p=6215"},"modified":"2024-12-13T14:21:03","modified_gmt":"2024-12-13T13:21:03","slug":"9-holzrune-hagalaz","status":"publish","type":"product","link":"https:\/\/shop.mittgard.de\/?product=9-holzrune-hagalaz","title":{"rendered":"9. Holzrune &#8222;Hagalaz&#8220;"},"content":{"rendered":"<p>handgearbeitet aus Eschenholz, \u00d8 ca. 2 &#8211; 2,5 cm inklusive Lederband und einem Beiblatt mit allen Runenerkl\u00e4rungen.<\/p>\n<p>Hagalaz (H) ist der Hagel und steht so f\u00fcr Zerst\u00f6rung, aber gleichzeitig auch f\u00fcr den Neuanfang, der danach m\u00f6glich ist.<\/p>\n","protected":false},"excerpt":{"rendered":"<p>handgearbeitet aus Eschenholz, \u00d8 ca. 2 &#8211; 2,5 cm inklusive Lederband und einem Beiblatt mit allen Runenerkl\u00e4rungen. Hagalaz (H) ist der Hagel und steht so f\u00fcr Zerst\u00f6rung, aber gleichzeitig auch f\u00fcr den Neuanfang, der danach m\u00f6glich ist.<\/p>\n","protected":false},"featured_media":6216,"template":"","meta":[],"product_brand":[],"product_cat":[456,476,455],"product_tag":[266,691,700],"class_list":{"0":"post-6215","1":"product","2":"type-product","3":"status-publish","4":"has-post-thumbnail","6":"product_cat-germanen-wikinger","7":"product_cat-runen","8":"product_cat-schmuck","9":"product_tag-holz","10":"product_tag-rune","11":"product_tag-zerstoerung","12":"product_shipping_class-brief","14":"first","15":"instock","16":"taxable","17":"shipping-taxable","18":"purchasable","19":"product-type-simple"},"_links":{"self":[{"href":"https:\/\/shop.mittgard.de\/index.php?rest_route=\/wp\/v2\/product\/6215","targetHints":{"allow":["GET"]}}],"collection":[{"href":"https:\/\/shop.mittgard.de\/index.php?rest_route=\/wp\/v2\/product"}],"about":[{"href":"https:\/\/shop.mittgard.de\/index.php?rest_route=\/wp\/v2\/types\/product"}],"wp:featuredmedia":[{"embeddable":true,"href":"https:\/\/shop.mittgard.de\/index.php?rest_route=\/wp\/v2\/media\/6216"}],"wp:attachment":[{"href":"https:\/\/shop.mittgard.de\/index.php?rest_route=%2Fwp%2Fv2%2Fmedia&parent=6215"}],"wp:term":[{"taxonomy":"product_brand","embeddable":true,"href":"https:\/\/shop.mittgard.de\/index.php?rest_route=%2Fwp%2Fv2%2Fproduct_brand&post=6215"},{"taxonomy":"product_cat","embeddable":true,"href":"https:\/\/shop.mittgard.de\/index.php?rest_route=%2Fwp%2Fv2%2Fproduct_cat&post=6215"},{"taxonomy":"product_tag","embeddable":true,"href":"https:\/\/shop.mittgard.de\/index.php?rest_route=%2Fwp%2Fv2%2Fproduct_tag&post=6215"}],"curies":[{"name":"wp","href":"https:\/\/api.w.org\/{rel}","templated":true}]}}