{"id":6219,"date":"2018-12-12T14:44:31","date_gmt":"2018-12-12T13:44:31","guid":{"rendered":"http:\/\/shop.mittgard.de\/?post_type=product&#038;p=6219"},"modified":"2024-12-13T14:12:18","modified_gmt":"2024-12-13T13:12:18","slug":"10-holzrune-nauthiz","status":"publish","type":"product","link":"https:\/\/shop.mittgard.de\/?product=10-holzrune-nauthiz","title":{"rendered":"10. Holzrune &#8222;Nauthiz&#8220;"},"content":{"rendered":"<p>handgearbeitet aus Eschenholz, \u00d8 ca. 2 &#8211; 2,5 cm inklusive Lederband und einem Beiblatt mit allen Runenerkl\u00e4rungen.<\/p>\n<p>Nauthiz (N) hei\u00dft Not bzw. Notwende. Sie steht f\u00fcr das Schicksal, das wir durch unsre Taten \u00e4ndern k\u00f6nnen, wenn wir uns nur endlich dazu aufraffen k\u00f6nnen.<\/p>\n","protected":false},"excerpt":{"rendered":"<p>handgearbeitet aus Eschenholz, \u00d8 ca. 2 &#8211; 2,5 cm inklusive Lederband und einem Beiblatt mit allen Runenerkl\u00e4rungen. Nauthiz (N) hei\u00dft Not bzw. Notwende. Sie steht f\u00fcr das Schicksal, das wir durch unsre Taten \u00e4ndern k\u00f6nnen, wenn wir uns nur endlich dazu aufraffen k\u00f6nnen.<\/p>\n","protected":false},"featured_media":6220,"template":"","meta":[],"product_brand":[],"product_cat":[456,476,455],"product_tag":[266,703,691,704],"class_list":{"0":"post-6219","1":"product","2":"type-product","3":"status-publish","4":"has-post-thumbnail","6":"product_cat-germanen-wikinger","7":"product_cat-runen","8":"product_cat-schmuck","9":"product_tag-holz","10":"product_tag-not","11":"product_tag-rune","12":"product_tag-schicksal","13":"product_shipping_class-brief","15":"first","16":"instock","17":"taxable","18":"shipping-taxable","19":"purchasable","20":"product-type-simple"},"_links":{"self":[{"href":"https:\/\/shop.mittgard.de\/index.php?rest_route=\/wp\/v2\/product\/6219","targetHints":{"allow":["GET"]}}],"collection":[{"href":"https:\/\/shop.mittgard.de\/index.php?rest_route=\/wp\/v2\/product"}],"about":[{"href":"https:\/\/shop.mittgard.de\/index.php?rest_route=\/wp\/v2\/types\/product"}],"wp:featuredmedia":[{"embeddable":true,"href":"https:\/\/shop.mittgard.de\/index.php?rest_route=\/wp\/v2\/media\/6220"}],"wp:attachment":[{"href":"https:\/\/shop.mittgard.de\/index.php?rest_route=%2Fwp%2Fv2%2Fmedia&parent=6219"}],"wp:term":[{"taxonomy":"product_brand","embeddable":true,"href":"https:\/\/shop.mittgard.de\/index.php?rest_route=%2Fwp%2Fv2%2Fproduct_brand&post=6219"},{"taxonomy":"product_cat","embeddable":true,"href":"https:\/\/shop.mittgard.de\/index.php?rest_route=%2Fwp%2Fv2%2Fproduct_cat&post=6219"},{"taxonomy":"product_tag","embeddable":true,"href":"https:\/\/shop.mittgard.de\/index.php?rest_route=%2Fwp%2Fv2%2Fproduct_tag&post=6219"}],"curies":[{"name":"wp","href":"https:\/\/api.w.org\/{rel}","templated":true}]}}