{"id":6221,"date":"2018-12-12T14:55:59","date_gmt":"2018-12-12T13:55:59","guid":{"rendered":"http:\/\/shop.mittgard.de\/?post_type=product&#038;p=6221"},"modified":"2024-12-13T14:13:01","modified_gmt":"2024-12-13T13:13:01","slug":"12-holzrune-jera","status":"publish","type":"product","link":"https:\/\/shop.mittgard.de\/?product=12-holzrune-jera","title":{"rendered":"12. Holzrune &#8222;Jera&#8220;"},"content":{"rendered":"<p>handgearbeitet aus Eschenholz, \u00d8 ca. 2 &#8211; 2,5 cm inklusive Lederband und einem Beiblatt mit allen Runenerkl\u00e4rungen.<\/p>\n<p>Die Rune Jera (J) symbolisiert das Jahresrad. Sie steht f\u00fcr die immer wieder kehrenden Zyklen des Jahres und des Lebens. Was ihr s\u00e4t, werdet ihr ernten!<\/p>\n","protected":false},"excerpt":{"rendered":"<p>handgearbeitet aus Eschenholz, \u00d8 ca. 2 &#8211; 2,5 cm inklusive Lederband und einem Beiblatt mit allen Runenerkl\u00e4rungen. Die Rune Jera (J) symbolisiert das Jahresrad. Sie steht f\u00fcr die immer wieder kehrenden Zyklen des Jahres und des Lebens. Was ihr s\u00e4t, werdet ihr ernten!<\/p>\n","protected":false},"featured_media":6222,"template":"","meta":[],"product_brand":[],"product_cat":[456,476,455],"product_tag":[266,705,225,706,691],"class_list":{"0":"post-6221","1":"product","2":"type-product","3":"status-publish","4":"has-post-thumbnail","6":"product_cat-germanen-wikinger","7":"product_cat-runen","8":"product_cat-schmuck","9":"product_tag-holz","10":"product_tag-jahr","11":"product_tag-jahreskreis","12":"product_tag-lebenszyklus","13":"product_tag-rune","14":"product_shipping_class-brief","16":"first","17":"instock","18":"taxable","19":"shipping-taxable","20":"purchasable","21":"product-type-simple"},"_links":{"self":[{"href":"https:\/\/shop.mittgard.de\/index.php?rest_route=\/wp\/v2\/product\/6221","targetHints":{"allow":["GET"]}}],"collection":[{"href":"https:\/\/shop.mittgard.de\/index.php?rest_route=\/wp\/v2\/product"}],"about":[{"href":"https:\/\/shop.mittgard.de\/index.php?rest_route=\/wp\/v2\/types\/product"}],"wp:featuredmedia":[{"embeddable":true,"href":"https:\/\/shop.mittgard.de\/index.php?rest_route=\/wp\/v2\/media\/6222"}],"wp:attachment":[{"href":"https:\/\/shop.mittgard.de\/index.php?rest_route=%2Fwp%2Fv2%2Fmedia&parent=6221"}],"wp:term":[{"taxonomy":"product_brand","embeddable":true,"href":"https:\/\/shop.mittgard.de\/index.php?rest_route=%2Fwp%2Fv2%2Fproduct_brand&post=6221"},{"taxonomy":"product_cat","embeddable":true,"href":"https:\/\/shop.mittgard.de\/index.php?rest_route=%2Fwp%2Fv2%2Fproduct_cat&post=6221"},{"taxonomy":"product_tag","embeddable":true,"href":"https:\/\/shop.mittgard.de\/index.php?rest_route=%2Fwp%2Fv2%2Fproduct_tag&post=6221"}],"curies":[{"name":"wp","href":"https:\/\/api.w.org\/{rel}","templated":true}]}}