{"id":6230,"date":"2018-12-12T16:11:30","date_gmt":"2018-12-12T15:11:30","guid":{"rendered":"http:\/\/shop.mittgard.de\/?post_type=product&#038;p=6230"},"modified":"2024-12-13T14:14:17","modified_gmt":"2024-12-13T13:14:17","slug":"16-holzrune-sowilo","status":"publish","type":"product","link":"https:\/\/shop.mittgard.de\/?product=16-holzrune-sowilo","title":{"rendered":"16. Holzrune &#8222;Sowilo&#8220;"},"content":{"rendered":"<p>handgearbeitet aus Eschenholz, \u00d8 ca. 2 &#8211; 2,5 cm inklusive Lederband und einem Beiblatt mit allen Runenerkl\u00e4rungen.<\/p>\n<p>Die Rune Sowilo (S) stellt den Sonnenstrahl dar und steht somit f\u00fcr die Kraft der Sonne und ihre W\u00e4rme spendende Lebenskraft, Erfolg und Sieg.<\/p>\n","protected":false},"excerpt":{"rendered":"<p>handgearbeitet aus Eschenholz, \u00d8 ca. 2 &#8211; 2,5 cm inklusive Lederband und einem Beiblatt mit allen Runenerkl\u00e4rungen. Die Rune Sowilo (S) stellt den Sonnenstrahl dar und steht somit f\u00fcr die Kraft der Sonne und ihre W\u00e4rme spendende Lebenskraft, Erfolg und Sieg.<\/p>\n","protected":false},"featured_media":6231,"template":"","meta":[],"product_brand":[],"product_cat":[456,476,455],"product_tag":[266,712,691,711,710],"class_list":{"0":"post-6230","1":"product","2":"type-product","3":"status-publish","4":"has-post-thumbnail","6":"product_cat-germanen-wikinger","7":"product_cat-runen","8":"product_cat-schmuck","9":"product_tag-holz","10":"product_tag-lebenskraft","11":"product_tag-rune","12":"product_tag-sieg","13":"product_tag-sonne","14":"product_shipping_class-brief","16":"first","17":"instock","18":"taxable","19":"shipping-taxable","20":"purchasable","21":"product-type-simple"},"_links":{"self":[{"href":"https:\/\/shop.mittgard.de\/index.php?rest_route=\/wp\/v2\/product\/6230","targetHints":{"allow":["GET"]}}],"collection":[{"href":"https:\/\/shop.mittgard.de\/index.php?rest_route=\/wp\/v2\/product"}],"about":[{"href":"https:\/\/shop.mittgard.de\/index.php?rest_route=\/wp\/v2\/types\/product"}],"wp:featuredmedia":[{"embeddable":true,"href":"https:\/\/shop.mittgard.de\/index.php?rest_route=\/wp\/v2\/media\/6231"}],"wp:attachment":[{"href":"https:\/\/shop.mittgard.de\/index.php?rest_route=%2Fwp%2Fv2%2Fmedia&parent=6230"}],"wp:term":[{"taxonomy":"product_brand","embeddable":true,"href":"https:\/\/shop.mittgard.de\/index.php?rest_route=%2Fwp%2Fv2%2Fproduct_brand&post=6230"},{"taxonomy":"product_cat","embeddable":true,"href":"https:\/\/shop.mittgard.de\/index.php?rest_route=%2Fwp%2Fv2%2Fproduct_cat&post=6230"},{"taxonomy":"product_tag","embeddable":true,"href":"https:\/\/shop.mittgard.de\/index.php?rest_route=%2Fwp%2Fv2%2Fproduct_tag&post=6230"}],"curies":[{"name":"wp","href":"https:\/\/api.w.org\/{rel}","templated":true}]}}