{"id":6232,"date":"2018-12-12T16:14:43","date_gmt":"2018-12-12T15:14:43","guid":{"rendered":"http:\/\/shop.mittgard.de\/?post_type=product&#038;p=6232"},"modified":"2024-12-13T14:14:39","modified_gmt":"2024-12-13T13:14:39","slug":"17-holzrune-tiwaz","status":"publish","type":"product","link":"https:\/\/shop.mittgard.de\/?product=17-holzrune-tiwaz","title":{"rendered":"17. Holzrune &#8222;Tiwaz&#8220;"},"content":{"rendered":"<p>handgearbeitet aus Eschenholz, \u00d8 ca. 2 &#8211; 2,5 cm inklusive Lederband und einem Beiblatt mit allen Runenerkl\u00e4rungen.<\/p>\n<p>Die Rune Tiwaz (T) stellt einen Pfeil oder eine Speerspitze dar und ist als solches Symbol f\u00fcr den Kriegsgott Tyr. Sie schenkt uns Mut &amp; Beharrlichkeit und bringt uns so Sieg &amp; Gerechtigkeit.<\/p>\n","protected":false},"excerpt":{"rendered":"<p>handgearbeitet aus Eschenholz, \u00d8 ca. 2 &#8211; 2,5 cm inklusive Lederband und einem Beiblatt mit allen Runenerkl\u00e4rungen. Die Rune Tiwaz (T) stellt einen Pfeil oder eine Speerspitze dar und ist als solches Symbol f\u00fcr den Kriegsgott Tyr. Sie schenkt uns Mut &amp; Beharrlichkeit und bringt uns so Sieg &amp; Gerechtigkeit.<\/p>\n","protected":false},"featured_media":6233,"template":"","meta":[],"product_brand":[],"product_cat":[456,476,455],"product_tag":[266,691,711,713],"class_list":{"0":"post-6232","1":"product","2":"type-product","3":"status-publish","4":"has-post-thumbnail","6":"product_cat-germanen-wikinger","7":"product_cat-runen","8":"product_cat-schmuck","9":"product_tag-holz","10":"product_tag-rune","11":"product_tag-sieg","12":"product_tag-tyr","13":"product_shipping_class-brief","15":"first","16":"instock","17":"taxable","18":"shipping-taxable","19":"purchasable","20":"product-type-simple"},"_links":{"self":[{"href":"https:\/\/shop.mittgard.de\/index.php?rest_route=\/wp\/v2\/product\/6232","targetHints":{"allow":["GET"]}}],"collection":[{"href":"https:\/\/shop.mittgard.de\/index.php?rest_route=\/wp\/v2\/product"}],"about":[{"href":"https:\/\/shop.mittgard.de\/index.php?rest_route=\/wp\/v2\/types\/product"}],"wp:featuredmedia":[{"embeddable":true,"href":"https:\/\/shop.mittgard.de\/index.php?rest_route=\/wp\/v2\/media\/6233"}],"wp:attachment":[{"href":"https:\/\/shop.mittgard.de\/index.php?rest_route=%2Fwp%2Fv2%2Fmedia&parent=6232"}],"wp:term":[{"taxonomy":"product_brand","embeddable":true,"href":"https:\/\/shop.mittgard.de\/index.php?rest_route=%2Fwp%2Fv2%2Fproduct_brand&post=6232"},{"taxonomy":"product_cat","embeddable":true,"href":"https:\/\/shop.mittgard.de\/index.php?rest_route=%2Fwp%2Fv2%2Fproduct_cat&post=6232"},{"taxonomy":"product_tag","embeddable":true,"href":"https:\/\/shop.mittgard.de\/index.php?rest_route=%2Fwp%2Fv2%2Fproduct_tag&post=6232"}],"curies":[{"name":"wp","href":"https:\/\/api.w.org\/{rel}","templated":true}]}}