{"id":6234,"date":"2018-12-12T16:18:56","date_gmt":"2018-12-12T15:18:56","guid":{"rendered":"http:\/\/shop.mittgard.de\/?post_type=product&#038;p=6234"},"modified":"2024-12-13T14:14:59","modified_gmt":"2024-12-13T13:14:59","slug":"18-holzrune-berkana","status":"publish","type":"product","link":"https:\/\/shop.mittgard.de\/?product=18-holzrune-berkana","title":{"rendered":"18. Holzrune &#8222;Berkana&#8220;"},"content":{"rendered":"<p>handgearbeitet aus Eschenholz, \u00d8 ca. 2 &#8211; 2,5 cm inklusive Lederband und einem Beiblatt mit allen Runenerkl\u00e4rungen.<\/p>\n<p>Berkana (B) hei\u00dft Birke und als solche steht sie f\u00fcr den Neubeginn im Fr\u00fchling, f\u00fcr Fruchtbarkeit &amp; Wachstum, f\u00fcr alles liebende, n\u00e4hrende, besch\u00fctzende einer weiblichen Gottheit.<\/p>\n","protected":false},"excerpt":{"rendered":"<p>handgearbeitet aus Eschenholz, \u00d8 ca. 2 &#8211; 2,5 cm inklusive Lederband und einem Beiblatt mit allen Runenerkl\u00e4rungen. Berkana (B) hei\u00dft Birke und als solche steht sie f\u00fcr den Neubeginn im Fr\u00fchling, f\u00fcr Fruchtbarkeit &amp; Wachstum, f\u00fcr alles liebende, n\u00e4hrende, besch\u00fctzende einer weiblichen Gottheit.<\/p>\n","protected":false},"featured_media":6235,"template":"","meta":[],"product_brand":[],"product_cat":[456,476,455],"product_tag":[560,266,516,714,691,715],"class_list":{"0":"post-6234","1":"product","2":"type-product","3":"status-publish","4":"has-post-thumbnail","6":"product_cat-germanen-wikinger","7":"product_cat-runen","8":"product_cat-schmuck","9":"product_tag-fruchtbarkeit","10":"product_tag-holz","11":"product_tag-liebe","12":"product_tag-neubeginn","13":"product_tag-rune","14":"product_tag-schwangerschaft","15":"product_shipping_class-brief","17":"first","18":"instock","19":"taxable","20":"shipping-taxable","21":"purchasable","22":"product-type-simple"},"_links":{"self":[{"href":"https:\/\/shop.mittgard.de\/index.php?rest_route=\/wp\/v2\/product\/6234","targetHints":{"allow":["GET"]}}],"collection":[{"href":"https:\/\/shop.mittgard.de\/index.php?rest_route=\/wp\/v2\/product"}],"about":[{"href":"https:\/\/shop.mittgard.de\/index.php?rest_route=\/wp\/v2\/types\/product"}],"wp:featuredmedia":[{"embeddable":true,"href":"https:\/\/shop.mittgard.de\/index.php?rest_route=\/wp\/v2\/media\/6235"}],"wp:attachment":[{"href":"https:\/\/shop.mittgard.de\/index.php?rest_route=%2Fwp%2Fv2%2Fmedia&parent=6234"}],"wp:term":[{"taxonomy":"product_brand","embeddable":true,"href":"https:\/\/shop.mittgard.de\/index.php?rest_route=%2Fwp%2Fv2%2Fproduct_brand&post=6234"},{"taxonomy":"product_cat","embeddable":true,"href":"https:\/\/shop.mittgard.de\/index.php?rest_route=%2Fwp%2Fv2%2Fproduct_cat&post=6234"},{"taxonomy":"product_tag","embeddable":true,"href":"https:\/\/shop.mittgard.de\/index.php?rest_route=%2Fwp%2Fv2%2Fproduct_tag&post=6234"}],"curies":[{"name":"wp","href":"https:\/\/api.w.org\/{rel}","templated":true}]}}