{"id":6238,"date":"2018-12-12T16:25:52","date_gmt":"2018-12-12T15:25:52","guid":{"rendered":"http:\/\/shop.mittgard.de\/?post_type=product&#038;p=6238"},"modified":"2024-12-13T14:16:11","modified_gmt":"2024-12-13T13:16:11","slug":"20-holzrune-mannaz","status":"publish","type":"product","link":"https:\/\/shop.mittgard.de\/?product=20-holzrune-mannaz","title":{"rendered":"20. Holzrune &#8222;Mannaz&#8220;"},"content":{"rendered":"<p>handgearbeitet aus Eschenholz, \u00d8 ca. 2 &#8211; 2,5 cm inklusive Lederband und einem Beiblatt mit allen Runenerkl\u00e4rungen.<\/p>\n<p>Mannaz (M) hei\u00dft Mensch bzw. symbolisiert die beiden ersten Menschen Ask und Embla, die sich als Paar gegen\u00fcber stehen und an den H\u00e4nden halten. Die Rune symbolisiert die harmonische Partnerschaft in v\u00f6lliger Harmonie aller m\u00e4nnlichen, weiblichen und g\u00f6ttlichen Aspekte.<\/p>\n","protected":false},"excerpt":{"rendered":"<p>handgearbeitet aus Eschenholz, \u00d8 ca. 2 &#8211; 2,5 cm inklusive Lederband und einem Beiblatt mit allen Runenerkl\u00e4rungen. Mannaz (M) hei\u00dft Mensch bzw. symbolisiert die beiden ersten Menschen Ask und Embla, die sich als Paar gegen\u00fcber stehen und an den H\u00e4nden halten. Die Rune symbolisiert die harmonische Partnerschaft in v\u00f6lliger Harmonie aller m\u00e4nnlichen, weiblichen und g\u00f6ttlichen &hellip; <\/p>\n<p class=\"link-more\"><a href=\"https:\/\/shop.mittgard.de\/?product=20-holzrune-mannaz\" class=\"more-link\"><span class=\"screen-reader-text\">\u201e20. Holzrune &#8222;Mannaz&#8220;\u201c <\/span>weiterlesen<\/a><\/p>\n","protected":false},"featured_media":6239,"template":"","meta":[],"product_brand":[],"product_cat":[456,476,455],"product_tag":[720,266,718,719,691],"class_list":{"0":"post-6238","1":"product","2":"type-product","3":"status-publish","4":"has-post-thumbnail","6":"product_cat-germanen-wikinger","7":"product_cat-runen","8":"product_cat-schmuck","9":"product_tag-beziehung","10":"product_tag-holz","11":"product_tag-mensch","12":"product_tag-partnerschaft","13":"product_tag-rune","14":"product_shipping_class-brief","16":"first","17":"instock","18":"taxable","19":"shipping-taxable","20":"purchasable","21":"product-type-simple"},"_links":{"self":[{"href":"https:\/\/shop.mittgard.de\/index.php?rest_route=\/wp\/v2\/product\/6238","targetHints":{"allow":["GET"]}}],"collection":[{"href":"https:\/\/shop.mittgard.de\/index.php?rest_route=\/wp\/v2\/product"}],"about":[{"href":"https:\/\/shop.mittgard.de\/index.php?rest_route=\/wp\/v2\/types\/product"}],"wp:featuredmedia":[{"embeddable":true,"href":"https:\/\/shop.mittgard.de\/index.php?rest_route=\/wp\/v2\/media\/6239"}],"wp:attachment":[{"href":"https:\/\/shop.mittgard.de\/index.php?rest_route=%2Fwp%2Fv2%2Fmedia&parent=6238"}],"wp:term":[{"taxonomy":"product_brand","embeddable":true,"href":"https:\/\/shop.mittgard.de\/index.php?rest_route=%2Fwp%2Fv2%2Fproduct_brand&post=6238"},{"taxonomy":"product_cat","embeddable":true,"href":"https:\/\/shop.mittgard.de\/index.php?rest_route=%2Fwp%2Fv2%2Fproduct_cat&post=6238"},{"taxonomy":"product_tag","embeddable":true,"href":"https:\/\/shop.mittgard.de\/index.php?rest_route=%2Fwp%2Fv2%2Fproduct_tag&post=6238"}],"curies":[{"name":"wp","href":"https:\/\/api.w.org\/{rel}","templated":true}]}}