{"id":6242,"date":"2018-12-12T16:37:08","date_gmt":"2018-12-12T15:37:08","guid":{"rendered":"http:\/\/shop.mittgard.de\/?post_type=product&#038;p=6242"},"modified":"2024-12-13T14:17:06","modified_gmt":"2024-12-13T13:17:06","slug":"22-holzrune-ingwaz","status":"publish","type":"product","link":"https:\/\/shop.mittgard.de\/?product=22-holzrune-ingwaz","title":{"rendered":"22. Holzrune &#8222;Ingwaz&#8220;"},"content":{"rendered":"<p>handgearbeitet aus Eschenholz, \u00d8 ca. 2 &#8211; 2,5 cm inklusive Lederband und einem Beiblatt mit allen Runenerkl\u00e4rungen.<\/p>\n<p>Ingwaz (ng) ist Symbol f\u00fcr das Ei und steht damit f\u00fcr Neuanfang, Fortpflanzung, Nachkommen und damit auch f\u00fcr die Familie. Die Rune hilft dabei in Ruhe etwas reifen und vollenden zu lassen.<\/p>\n","protected":false},"excerpt":{"rendered":"<p>handgearbeitet aus Eschenholz, \u00d8 ca. 2 &#8211; 2,5 cm inklusive Lederband und einem Beiblatt mit allen Runenerkl\u00e4rungen. Ingwaz (ng) ist Symbol f\u00fcr das Ei und steht damit f\u00fcr Neuanfang, Fortpflanzung, Nachkommen und damit auch f\u00fcr die Familie. Die Rune hilft dabei in Ruhe etwas reifen und vollenden zu lassen.<\/p>\n","protected":false},"featured_media":6243,"template":"","meta":[],"product_brand":[],"product_cat":[456,476,455],"product_tag":[723,266,724,691],"class_list":{"0":"post-6242","1":"product","2":"type-product","3":"status-publish","4":"has-post-thumbnail","6":"product_cat-germanen-wikinger","7":"product_cat-runen","8":"product_cat-schmuck","9":"product_tag-familie","10":"product_tag-holz","11":"product_tag-nachkommen","12":"product_tag-rune","13":"product_shipping_class-brief","15":"first","16":"instock","17":"taxable","18":"shipping-taxable","19":"purchasable","20":"product-type-simple"},"_links":{"self":[{"href":"https:\/\/shop.mittgard.de\/index.php?rest_route=\/wp\/v2\/product\/6242","targetHints":{"allow":["GET"]}}],"collection":[{"href":"https:\/\/shop.mittgard.de\/index.php?rest_route=\/wp\/v2\/product"}],"about":[{"href":"https:\/\/shop.mittgard.de\/index.php?rest_route=\/wp\/v2\/types\/product"}],"wp:featuredmedia":[{"embeddable":true,"href":"https:\/\/shop.mittgard.de\/index.php?rest_route=\/wp\/v2\/media\/6243"}],"wp:attachment":[{"href":"https:\/\/shop.mittgard.de\/index.php?rest_route=%2Fwp%2Fv2%2Fmedia&parent=6242"}],"wp:term":[{"taxonomy":"product_brand","embeddable":true,"href":"https:\/\/shop.mittgard.de\/index.php?rest_route=%2Fwp%2Fv2%2Fproduct_brand&post=6242"},{"taxonomy":"product_cat","embeddable":true,"href":"https:\/\/shop.mittgard.de\/index.php?rest_route=%2Fwp%2Fv2%2Fproduct_cat&post=6242"},{"taxonomy":"product_tag","embeddable":true,"href":"https:\/\/shop.mittgard.de\/index.php?rest_route=%2Fwp%2Fv2%2Fproduct_tag&post=6242"}],"curies":[{"name":"wp","href":"https:\/\/api.w.org\/{rel}","templated":true}]}}