{"id":625,"date":"2018-03-07T00:39:49","date_gmt":"2018-03-06T23:39:49","guid":{"rendered":"http:\/\/shop.mittgard.de\/?product=import-placeholder-for-40"},"modified":"2024-12-14T16:20:16","modified_gmt":"2024-12-14T15:20:16","slug":"johanniskraut-100g","status":"publish","type":"product","link":"https:\/\/shop.mittgard.de\/?product=johanniskraut-100g","title":{"rendered":"Johanniskraut, Kraut, geschnitten (100g)"},"content":{"rendered":"<p>Kraut, geschnitten<\/p>\n<p>zur unterst\u00fctzenden Behandlung von nerv\u00f6ser Unruhe &amp; Schlafst\u00f6rungen, Vorsicht! Erh\u00f6ht die Lichtempfindlichkeit<\/p>\n<blockquote>\n<pre class=\"western\"><span style=\"font-family: Lucida Blackletter, cursive; font-size: 12pt;\">Wann man laut Paracelsus Johanniskraut sammeln sollte:\r\n<\/span>\r\n<span style=\"font-family: Lucida Blackletter, cursive; font-size: 12pt;\">Wenn man perforatam gegen die Phantasien,<\/span>\r\n<span style=\"font-family: Lucida Blackletter, cursive; font-size: 12pt;\">von denen gesprochen wurde,<\/span>\r\n<span style=\"font-family: Lucida Blackletter, cursive; font-size: 12pt;\">gebrauchen will,<\/span>\r\n<span style=\"font-family: Lucida Blackletter, cursive; font-size: 12pt;\">so soll sie nach dem Gange des Himmelslaufes genommen werden,<\/span>\r\n<span style=\"font-family: Lucida Blackletter, cursive; font-size: 12pt;\">so da\u00df dessen Influenz auch wider diese Geister sei,<\/span>\r\n<span style=\"font-family: Lucida Blackletter, cursive; font-size: 12pt;\">n\u00e4mlich am meisten im Mars,<\/span>\r\n<span style=\"font-family: Lucida Blackletter, cursive; font-size: 12pt;\">im Jupiter und der Venus,<\/span>\r\n<span style=\"font-family: Lucida Blackletter, cursive; font-size: 12pt;\">und mit nichten nach dem Monde,<\/span>\r\n<span style=\"font-family: Lucida Blackletter, cursive; font-size: 12pt;\">sondern wider dem Mond,<\/span>\r\n<span style=\"font-family: Lucida Blackletter, cursive; font-size: 12pt;\">auch nicht nachmittags noch in der Nacht,<\/span>\r\n<span style=\"font-family: Lucida Blackletter, cursive; font-size: 12pt;\">sondern im Aufgange der Sonne,<\/span>\r\n<span style=\"font-family: Lucida Blackletter, cursive; font-size: 12pt;\">gegen die Sonne, <\/span>\r\n<span style=\"font-family: Lucida Blackletter, cursive; font-size: 12pt;\">in aurora,<\/span>\r\n<span style=\"font-family: Lucida Blackletter, cursive; font-size: 12pt;\">das ist im Morgenrot,<\/span>\r\n<span style=\"font-family: Lucida Blackletter, cursive; font-size: 12pt;\">oder diluculo,<\/span>\r\n<span style=\"font-family: Lucida Blackletter, cursive; font-size: 12pt;\">das ist in der D\u00e4mmerung,<\/span>\r\n<span style=\"font-family: Lucida Blackletter, cursive; font-size: 12pt;\">des Morgens.<\/span>\r\n<span style=\"font-family: Lucida Blackletter, cursive; font-size: 12pt;\">Und die ist am besten,<\/span>\r\n<span style=\"font-family: Lucida Blackletter, cursive; font-size: 12pt;\">die da bei guten anderen Blumen steht oder unter ihnen w\u00e4chst,<\/span>\r\n<span style=\"font-family: Lucida Blackletter, cursive; font-size: 12pt;\">und je l\u00e4nger,<\/span>\r\n<span style=\"font-family: Lucida Blackletter, cursive; font-size: 12pt;\">je besser,<\/span>\r\n<span style=\"font-family: Lucida Blackletter, cursive; font-size: 12pt;\">je mehr mit Blumen,<\/span>\r\n<span style=\"font-family: Lucida Blackletter, cursive; font-size: 12pt;\">je besser,<\/span>\r\n<span style=\"font-family: Lucida Blackletter, cursive; font-size: 12pt;\">und in der Zeit,<\/span>\r\n<span style=\"font-family: Lucida Blackletter, cursive; font-size: 12pt;\">wenn die Blumen am h\u00f6chsten sind.\r\n\r\n<\/span><\/pre>\n<pre><span style=\"font-family: georgia, palatino, serif; font-size: 14pt;\"><strong>\u00d6l gegen Muskelkater<\/strong>\r\n\r\nMan braucht:\r\n6 x 50 g Johanniskraut\r\n6 x 1 TL Oliven\u00f6l\r\n750 ml Sonnenblumen\u00f6l\r\n\r\n50 g Johanniskraut in 1 TL Oliven\u00f6l zerdr\u00fccken, \r\n750 ml Sonneblumen\u00f6l dar\u00fcbergie\u00dfen &amp; 2-3 Tage in der Sonne \r\nstehen lassen; wieder Mischung aus 50 g Johanniskraut\r\n&amp; 1 TL Oliven\u00f6l herstellen und zum fertigen \u00d6l geben. \r\nDas ganze noch 4mal wiederholen und dann abfiltern.<\/span><\/pre>\n<\/blockquote>\n\r\n\t<a class=\"paoc-popup-click paoc-popup-cust-7461 paoc-popup-simple_link paoc-popup-link\" href=\"javascript:void(0);\">Geschichtliches samt Rezept<\/a>\r\n\r\n\n","protected":false},"excerpt":{"rendered":"<p>Kraut, geschnitten zur unterst\u00fctzenden Behandlung von nerv\u00f6ser Unruhe &amp; Schlafst\u00f6rungen, Vorsicht! Erh\u00f6ht die Lichtempfindlichkeit Wann man laut Paracelsus Johanniskraut sammeln sollte: Wenn man perforatam gegen die Phantasien, von denen gesprochen wurde, gebrauchen will, so soll sie nach dem Gange des Himmelslaufes genommen werden, so da\u00df dessen Influenz auch wider diese Geister sei, n\u00e4mlich am meisten &hellip; <\/p>\n<p class=\"link-more\"><a href=\"https:\/\/shop.mittgard.de\/?product=johanniskraut-100g\" class=\"more-link\"><span class=\"screen-reader-text\">\u201eJohanniskraut, Kraut, geschnitten (100g)\u201c <\/span>weiterlesen<\/a><\/p>\n","protected":false},"featured_media":1635,"template":"","meta":[],"product_brand":[],"product_cat":[17,16],"product_tag":[34,82],"class_list":{"0":"post-625","1":"product","2":"type-product","3":"status-publish","4":"has-post-thumbnail","6":"product_cat-arzneikraeuter","7":"product_cat-kraeuter","8":"product_tag-beruhigend","9":"product_tag-stimmungsaufhellend","10":"product_shipping_class-paket","12":"first","13":"instock","14":"taxable","15":"shipping-taxable","16":"purchasable","17":"product-type-simple"},"_links":{"self":[{"href":"https:\/\/shop.mittgard.de\/index.php?rest_route=\/wp\/v2\/product\/625","targetHints":{"allow":["GET"]}}],"collection":[{"href":"https:\/\/shop.mittgard.de\/index.php?rest_route=\/wp\/v2\/product"}],"about":[{"href":"https:\/\/shop.mittgard.de\/index.php?rest_route=\/wp\/v2\/types\/product"}],"wp:featuredmedia":[{"embeddable":true,"href":"https:\/\/shop.mittgard.de\/index.php?rest_route=\/wp\/v2\/media\/1635"}],"wp:attachment":[{"href":"https:\/\/shop.mittgard.de\/index.php?rest_route=%2Fwp%2Fv2%2Fmedia&parent=625"}],"wp:term":[{"taxonomy":"product_brand","embeddable":true,"href":"https:\/\/shop.mittgard.de\/index.php?rest_route=%2Fwp%2Fv2%2Fproduct_brand&post=625"},{"taxonomy":"product_cat","embeddable":true,"href":"https:\/\/shop.mittgard.de\/index.php?rest_route=%2Fwp%2Fv2%2Fproduct_cat&post=625"},{"taxonomy":"product_tag","embeddable":true,"href":"https:\/\/shop.mittgard.de\/index.php?rest_route=%2Fwp%2Fv2%2Fproduct_tag&post=625"}],"curies":[{"name":"wp","href":"https:\/\/api.w.org\/{rel}","templated":true}]}}