{"id":626,"date":"2018-03-07T00:39:49","date_gmt":"2018-03-06T23:39:49","guid":{"rendered":"http:\/\/shop.mittgard.de\/?product=import-placeholder-for-41"},"modified":"2026-03-25T10:33:15","modified_gmt":"2026-03-25T09:33:15","slug":"kamille-100g","status":"publish","type":"product","link":"https:\/\/shop.mittgard.de\/?product=kamille-100g","title":{"rendered":"Kamille, Bl\u00fcten, ganz (100g)"},"content":{"rendered":"<p>Bl\u00fcten, ganz<\/p>\n<p>innerlich bei Kr\u00e4mpfen &amp; Entz\u00fcndungen im Magen-Darm-Bereich, \u00e4u\u00dferlich bei Haut- &amp; Schleimhautentz\u00fcndungen, zum Gurgeln bei Zahnfleischentz\u00fcndung, als Inhalation bei entz\u00fcndlichen Erkrankungen &amp; Reizzust\u00e4nden der Luftwege, f\u00fcr B\u00e4der &amp; Sp\u00fclungen bei Erkrankungen im Anal- &amp; Genitalbereich; nicht zu verwenden bei \u00dcberempfindlichkeit gegen\u00fcber Korbbl\u00fctlern!<\/p>\n\r\n\t<a class=\"paoc-popup-click paoc-popup-cust-9102 paoc-popup-simple_link paoc-popup-link\" href=\"javascript:void(0);\">Geschichtliches samt Rezept<\/a>\r\n\r\n\n","protected":false},"excerpt":{"rendered":"<p>Bl\u00fcten, ganz innerlich bei Kr\u00e4mpfen &amp; Entz\u00fcndungen im Magen-Darm-Bereich, \u00e4u\u00dferlich bei Haut- &amp; Schleimhautentz\u00fcndungen, zum Gurgeln bei Zahnfleischentz\u00fcndung, als Inhalation bei entz\u00fcndlichen Erkrankungen &amp; Reizzust\u00e4nden der Luftwege, f\u00fcr B\u00e4der &amp; Sp\u00fclungen bei Erkrankungen im Anal- &amp; Genitalbereich; nicht zu verwenden bei \u00dcberempfindlichkeit gegen\u00fcber Korbbl\u00fctlern!<\/p>\n","protected":false},"featured_media":1104,"template":"","meta":[],"product_brand":[],"product_cat":[17,16],"product_tag":[81,68,71],"class_list":{"0":"post-626","1":"product","2":"type-product","3":"status-publish","4":"has-post-thumbnail","6":"product_cat-arzneikraeuter","7":"product_cat-kraeuter","8":"product_tag-entzuendungshemmend","9":"product_tag-hustentee","10":"product_tag-magentee","11":"product_shipping_class-paket","13":"first","14":"instock","15":"taxable","16":"shipping-taxable","17":"purchasable","18":"product-type-simple"},"_links":{"self":[{"href":"https:\/\/shop.mittgard.de\/index.php?rest_route=\/wp\/v2\/product\/626","targetHints":{"allow":["GET"]}}],"collection":[{"href":"https:\/\/shop.mittgard.de\/index.php?rest_route=\/wp\/v2\/product"}],"about":[{"href":"https:\/\/shop.mittgard.de\/index.php?rest_route=\/wp\/v2\/types\/product"}],"wp:featuredmedia":[{"embeddable":true,"href":"https:\/\/shop.mittgard.de\/index.php?rest_route=\/wp\/v2\/media\/1104"}],"wp:attachment":[{"href":"https:\/\/shop.mittgard.de\/index.php?rest_route=%2Fwp%2Fv2%2Fmedia&parent=626"}],"wp:term":[{"taxonomy":"product_brand","embeddable":true,"href":"https:\/\/shop.mittgard.de\/index.php?rest_route=%2Fwp%2Fv2%2Fproduct_brand&post=626"},{"taxonomy":"product_cat","embeddable":true,"href":"https:\/\/shop.mittgard.de\/index.php?rest_route=%2Fwp%2Fv2%2Fproduct_cat&post=626"},{"taxonomy":"product_tag","embeddable":true,"href":"https:\/\/shop.mittgard.de\/index.php?rest_route=%2Fwp%2Fv2%2Fproduct_tag&post=626"}],"curies":[{"name":"wp","href":"https:\/\/api.w.org\/{rel}","templated":true}]}}