{"id":628,"date":"2018-03-07T00:39:50","date_gmt":"2018-03-06T23:39:50","guid":{"rendered":"http:\/\/shop.mittgard.de\/?product=import-placeholder-for-43"},"modified":"2026-03-25T10:34:54","modified_gmt":"2026-03-25T09:34:54","slug":"koenigskerze-50g","status":"publish","type":"product","link":"https:\/\/shop.mittgard.de\/?product=koenigskerze-50g","title":{"rendered":"K\u00f6nigskerze, Bl\u00fcten, ganz (50g)"},"content":{"rendered":"<p>Bl\u00fcten, ganz<\/p>\n<p>Bei Katarrhen der Luftwege<\/p>\n<blockquote>\n<pre class=\"western\"><span style=\"font-family: Lucida Blackletter, cursive; font-size: 12pt;\">K\u00f6nigskerze<\/span>\r\n\r\n<span style=\"font-family: Lucida Blackletter, cursive; font-size: 12pt;\">Sie tauget auch in allen Catharren<\/span>\r\n<span style=\"font-family: Lucida Blackletter, cursive; font-size: 12pt;\">Als ein kr\u00e4fftiges Amulet,<\/span>\r\n<span style=\"font-family: Lucida Blackletter, cursive; font-size: 12pt;\">besonders die Wurzel,<\/span>\r\n<span style=\"font-family: Lucida Blackletter, cursive; font-size: 12pt;\">die durch diesen Sommer durch nicht gebl\u00fchet<\/span>\r\n<span style=\"font-family: Lucida Blackletter, cursive; font-size: 12pt;\">wann man sie hat einsammeln wollen.<\/span>\r\n<span style=\"font-family: Lucida Blackletter, cursive; font-size: 12pt;\">Man sammelt sie aber an einem Freytag<\/span>\r\n<span style=\"font-family: Lucida Blackletter, cursive; font-size: 12pt;\">(an dem letzten Freytag im abnehmenden Mond)<\/span>\r\n<span style=\"font-family: Lucida Blackletter, cursive; font-size: 12pt;\">vor Aufgehen der Sonnen<\/span>\r\n<span style=\"font-family: Lucida Blackletter, cursive; font-size: 12pt;\">zwischen dem 15. Augusti und 8. Septembr bey abnehmenden Mond<\/span>\r\n<span style=\"font-family: Lucida Blackletter, cursive; font-size: 12pt;\">dann tr\u00f6cknet man die gereinigte Wurzel an einem schattichten Ort.<\/span>\r\n<span style=\"font-family: Lucida Blackletter, cursive; font-size: 12pt;\">Wann man ein St\u00fccklein derer in Gold wickelt und an den Hals henget<\/span>\r\n<span style=\"font-family: Lucida Blackletter, cursive; font-size: 12pt;\">So hat sie wunderbahre Krafft wider alle Fl\u00fc\u00df des Leibes.<\/span>\r\n<span style=\"font-family: Lucida Blackletter, cursive; font-size: 12pt;\">Denen Weibsbildern aber tauget sie nicht<\/span>\r\n<span style=\"font-family: Lucida Blackletter, cursive; font-size: 12pt;\">Dann sie verhindert die Emp\u00e4ngn\u00fcs<\/span>\r\n<span style=\"font-family: Lucida Blackletter, cursive; font-size: 12pt;\">Als lang man sie tr\u00e4get<\/span>\r\n<span style=\"font-family: Lucida Blackletter, cursive; font-size: 12pt;\">Wann man sie aber hinweg thut<\/span>\r\n<span style=\"font-family: Lucida Blackletter, cursive; font-size: 12pt;\">So kann man schon empfangen.<\/span>\r\n\r\n<span style=\"font-family: Lucida Blackletter, cursive; font-size: 12pt;\">Schroeder anno 1685\r\n\r\n<\/span><\/pre>\n<pre><span style=\"font-family: georgia, palatino, serif; font-size: 14pt;\"><strong>Kr\u00e4utertabak, um seine Lunge zu reinigen<\/strong>\r\n\r\nMan nehme zu gleichen Teilen:\r\nRotklee\r\nHuflattich\r\nK\u00f6nigskerze\r\n\r\nDiese Mischung rauche man fein zerkleinert in der Pfeife, \r\nund vermindere die Dosis nach und nach, will man das Rauchen\r\naufgeben. Au\u00dferdem vermindert pulverisierte Enzianwurzel\r\ndas Verlangen nach Nikotin.\r\n<\/span><\/pre>\n<\/blockquote>\n","protected":false},"excerpt":{"rendered":"<p>Bl\u00fcten, ganz Bei Katarrhen der Luftwege K\u00f6nigskerze Sie tauget auch in allen Catharren Als ein kr\u00e4fftiges Amulet, besonders die Wurzel, die durch diesen Sommer durch nicht gebl\u00fchet wann man sie hat einsammeln wollen. Man sammelt sie aber an einem Freytag (an dem letzten Freytag im abnehmenden Mond) vor Aufgehen der Sonnen zwischen dem 15. Augusti &hellip; <\/p>\n<p class=\"link-more\"><a href=\"https:\/\/shop.mittgard.de\/?product=koenigskerze-50g\" class=\"more-link\"><span class=\"screen-reader-text\">\u201eK\u00f6nigskerze, Bl\u00fcten, ganz (50g)\u201c <\/span>weiterlesen<\/a><\/p>\n","protected":false},"featured_media":1638,"template":"","meta":[],"product_brand":[],"product_cat":[17,16],"product_tag":[68],"class_list":{"0":"post-628","1":"product","2":"type-product","3":"status-publish","4":"has-post-thumbnail","6":"product_cat-arzneikraeuter","7":"product_cat-kraeuter","8":"product_tag-hustentee","9":"product_shipping_class-paket","11":"first","12":"instock","13":"taxable","14":"shipping-taxable","15":"purchasable","16":"product-type-simple"},"_links":{"self":[{"href":"https:\/\/shop.mittgard.de\/index.php?rest_route=\/wp\/v2\/product\/628","targetHints":{"allow":["GET"]}}],"collection":[{"href":"https:\/\/shop.mittgard.de\/index.php?rest_route=\/wp\/v2\/product"}],"about":[{"href":"https:\/\/shop.mittgard.de\/index.php?rest_route=\/wp\/v2\/types\/product"}],"wp:featuredmedia":[{"embeddable":true,"href":"https:\/\/shop.mittgard.de\/index.php?rest_route=\/wp\/v2\/media\/1638"}],"wp:attachment":[{"href":"https:\/\/shop.mittgard.de\/index.php?rest_route=%2Fwp%2Fv2%2Fmedia&parent=628"}],"wp:term":[{"taxonomy":"product_brand","embeddable":true,"href":"https:\/\/shop.mittgard.de\/index.php?rest_route=%2Fwp%2Fv2%2Fproduct_brand&post=628"},{"taxonomy":"product_cat","embeddable":true,"href":"https:\/\/shop.mittgard.de\/index.php?rest_route=%2Fwp%2Fv2%2Fproduct_cat&post=628"},{"taxonomy":"product_tag","embeddable":true,"href":"https:\/\/shop.mittgard.de\/index.php?rest_route=%2Fwp%2Fv2%2Fproduct_tag&post=628"}],"curies":[{"name":"wp","href":"https:\/\/api.w.org\/{rel}","templated":true}]}}